{"id":17682,"date":"2026-04-25T12:55:07","date_gmt":"2026-04-25T12:55:07","guid":{"rendered":"https:\/\/14hl.gaeste-mappe.de\/?page_id=17682"},"modified":"2026-04-25T18:24:16","modified_gmt":"2026-04-25T18:24:16","slug":"environment","status":"publish","type":"page","link":"https:\/\/14hl.gaeste-mappe.de\/en\/umwelt\/","title":{"rendered":"Environment"},"content":{"rendered":"\t\t<div data-elementor-type=\"wp-page\" data-elementor-id=\"17682\" class=\"elementor elementor-17682\" data-elementor-post-type=\"page\">\n\t\t\t\t\t\t<section class=\"elementor-section elementor-top-section elementor-element elementor-element-70feca51 elementor-section-boxed elementor-section-height-default elementor-section-height-default\" data-id=\"70feca51\" data-element_type=\"section\" data-e-type=\"section\" data-settings=\"{&quot;background_background&quot;:&quot;classic&quot;}\">\n\t\t\t\t\t\t<div class=\"elementor-container elementor-column-gap-default\">\n\t\t\t\t\t<div class=\"elementor-column elementor-col-100 elementor-top-column elementor-element elementor-element-550151c4\" data-id=\"550151c4\" data-element_type=\"column\" data-e-type=\"column\">\n\t\t\t<div class=\"elementor-widget-wrap elementor-element-populated\">\n\t\t\t\t\t\t<div class=\"elementor-element elementor-element-7d01e23e kopf elementor-icon-list--layout-traditional elementor-list-item-link-full_width elementor-widget elementor-widget-icon-list\" data-id=\"7d01e23e\" data-element_type=\"widget\" data-e-type=\"widget\" data-widget_type=\"icon-list.default\">\n\t\t\t\t<div class=\"elementor-widget-container\">\n\t\t\t\t\t\t\t<ul class=\"elementor-icon-list-items\">\n\t\t\t\t\t\t\t<li class=\"elementor-icon-list-item\">\n\t\t\t\t\t\t\t\t\t\t\t<span class=\"elementor-icon-list-icon\">\n\t\t\t\t\t\t\t<svg xmlns=\"http:\/\/www.w3.org\/2000\/svg\" height=\"480pt\" viewBox=\"0 0 480.28604 480\" width=\"480pt\"><g fill=\"#00a14b\"><path d=\"m239.996094 360.140625v80l74.089844-74.089844c-24.496094-3.953125-49.273438-5.929687-74.089844-5.910156zm0 0\"><\/path><path d=\"m127.996094 240.140625h-120c-.101563 57.929687 21.570312 113.78125 60.722656 156.480469 24.730469-12.59375 51.082031-21.714844 78.304688-27.113282-12.988282-41.882812-19.40625-85.523437-19.027344-129.367187zm0 0\"><\/path><path d=\"m147.023438 369.507812c20.109374 61.902344 54.246093 102.632813 92.972656 102.632813v-112c-31.222656-.09375-62.375 3.042969-92.957032 9.359375zm0 0\"><\/path><path d=\"m147.023438 369.507812c-27.222657 5.398438-53.574219 14.519532-78.304688 27.113282 43.90625 48.175781 106.097656 75.597656 171.277344 75.519531-38.726563 0-72.863282-40.730469-92.972656-102.632813zm0 0\"><\/path><path d=\"m147.023438 369.507812c30.585937-6.320312 61.742187-9.460937 92.972656-9.367187v-120h-112c-.378906 43.84375 6.039062 87.484375 19.027344 129.367187zm0 0\"><\/path><path d=\"m147.023438 110.773438c-12.992188 41.878906-19.410157 85.519531-19.027344 129.367187h112v-120c-31.222656.089844-62.375-3.046875-92.957032-9.359375zm0 0\"><\/path><path d=\"m147.023438 110.773438c-27.222657-5.402344-53.570313-14.527344-78.304688-27.113282-39.152344 42.699219-60.824219 98.550782-60.722656 156.480469h120c-.382813-43.847656 6.035156-87.488281 19.027344-129.367187zm0 0\"><\/path><path d=\"m332.972656 369.507812c-30.585937-6.320312-61.742187-9.460937-92.976562-9.367187v-120h112c.382812 43.84375-6.035156 87.484375-19.023438 129.367187zm0 0\"><\/path><path d=\"m332.972656 110.773438c12.992188 41.878906 19.410156 85.519531 19.023438 129.367187h-112v-120c31.226562.089844 62.378906-3.046875 92.960937-9.359375zm0 0\"><\/path><path d=\"m332.972656 110.773438c27.222656-5.402344 53.570313-14.527344 78.304688-27.113282 39.152344 42.699219 60.824218 98.550782 60.71875 156.480469h-120c.386718-43.847656-6.03125-87.488281-19.023438-129.367187zm0 0\"><\/path><\/g><path d=\"m367.996094 312.140625v-73.648437c-19.195313 6.378906-37.910156 14.132812-56 23.199218v106.449219zm0 0\" fill=\"#7ed63e\"><\/path><path d=\"m311.996094 368.140625h106.457031c9.066406-18.085937 16.820313-36.800781 23.199219-56h-73.65625zm0 0\" fill=\"#a4e276\"><\/path><path d=\"m279.996094 400.140625c31.242187 31.238281 93.210937 19.925781 124.449218-11.3125 5.617188-6.207031 10.332032-13.171875 14.007813-20.6875h-106.457031zm0 0\" fill=\"#a4e276\"><\/path><path d=\"m367.996094 312.140625h73.648437c17.394531-50.03125 30.691407-104.335937 30.691407-104.335937zm0 0\" fill=\"#a4e276\"><\/path><path d=\"m472.335938 207.804688s-54.304688 13.292968-104.339844 30.6875v73.648437zm0 0\" fill=\"#7ed63e\"><\/path><path d=\"m311.996094 261.683594c-7.515625 3.675781-14.480469 8.390625-20.6875 14.007812-31.238282 31.238282-42.511719 93.25-11.3125 124.449219l32-32zm0 0\" fill=\"#7ed63e\"><\/path><path d=\"m332.949219 110.78125c27.226562-5.40625 53.582031-14.53125 78.320312-27.121094-43.902343-48.175781-106.09375-75.597656-171.273437-75.519531 38.730468 0 72.84375 40.75 92.953125 102.640625zm0 0\" fill=\"#00a14b\"><\/path><path d=\"m68.71875 83.660156c24.734375 12.585938 51.082031 21.710938 78.304688 27.113282 20.109374-61.90625 54.246093-102.632813 92.972656-102.632813-65.179688-.078125-127.371094 27.34375-171.277344 75.519531zm0 0\" fill=\"#00a14b\"><\/path><path d=\"m147.023438 110.773438c30.585937 6.316406 61.742187 9.457031 92.972656 9.367187v-112c-38.726563 0-72.863282 40.726563-92.972656 102.632813zm0 0\" fill=\"#00a14b\"><\/path><path d=\"m332.949219 110.78125c-20.109375-61.890625-54.222657-102.640625-92.953125-102.640625v112c31.226562.09375 62.375-3.042969 92.953125-9.359375zm0 0\" fill=\"#00a14b\"><\/path><path d=\"m448.972656 315.339844c.058594-.121094.082032-.25.128906-.367188 17.144532-49.074218 30.105469-101.601562 31-105.289062.121094-.550782.183594-1.109375.183594-1.671875 0-.097657 0-.191407 0-.289063-.019531-.898437-.195312-1.789062-.511718-2.632812-.078126-.214844-.167969-.40625-.253907-.613282-.726562-1.785156-2.144531-3.199218-3.929687-3.921874-.191406-.085938-.375-.167969-.574219-.238282-.851563-.328125-1.753906-.503906-2.664063-.519531-.089843 0-.167968 0-.257812 0-.570312.003906-1.140625.066406-1.695312.191406-3.671876.894531-56.214844 13.855469-105.289063 31-.121094.046875-.246094.070313-.367187.128907-19.046876 6.410156-37.632813 14.117187-55.625 23.070312-.257813.113281-.507813.242188-.75.382812-8.277344 4.035157-15.933594 9.226563-22.746094 15.417969-32.152344 32.152344-44.878906 93.488281-16.574219 129.710938l-11.304687 11.304687c-15.898438 15.847656-25.113282 37.191406-25.734376 59.632813-.132812 4.414062 3.34375 8.101562 7.757813 8.230469h.242187c4.328126.003906 7.871094-3.441407 8-7.769532.511719-18.359375 8.046876-35.828125 21.054688-48.796875l11.273438-11.273437c14.328124 10.640625 31.8125 16.164062 49.652343 15.6875 29.832031-.203125 58.464844-11.75 80.089844-32.296875 6.195313-6.789063 11.394531-14.425781 15.441406-22.679688.140625-.242187.269531-.492187.382813-.75 8.953125-18 16.660156-36.59375 23.070312-55.648437zm-13.085937-11.199219h-48.578125l69.832031-69.832031c-5.628906 20.574218-13.0625 45.742187-21.253906 69.832031zm-59.890625-11.3125v-48.570313c24.089844-8.199218 49.257812-15.621093 69.832031-21.261718zm-16 16-40 40v-82.242187c13.027344-6.277344 26.378906-11.851563 40-16.703126zm11.3125 11.3125h58.945312c-4.847656 13.621094-10.425781 26.972656-16.703125 40h-82.242187zm-74.34375-38.792969c2.179687-2.066406 4.53125-3.941406 7.03125-5.601562v89.082031l-23.511719 23.511719c-21.382813-29.65625-9.789063-80.71875 16.480469-106.992188zm-5.167969 118.304688 23.511719-23.511719h89.066406c-1.660156 2.5-3.535156 4.851563-5.601562 7.03125-26.246094 26.273437-77.320313 37.863281-106.976563 16.480469zm0 0\" fill=\"#00665a\"><\/path><path d=\"m471.261719 175.707031c-23.445313-84.050781-90.648438-148.761719-175.527344-169.011719-84.875-20.25-174.054687 7.152344-232.921875 71.5625-64.144531 70.214844-80.78125 171.679688-42.417969 258.703126 38.367188 87.019531 124.5 143.179687 219.601563 143.179687 4.421875 0 8-3.582031 8-8v-224h40c4.421875 0 8-3.582031 8-8s-3.578125-8-8-8h-40v-104.199219c26.652344-.359375 53.21875-3.035156 79.402344-8 9.160156 31.285156 14.53125 63.558594 16 96.125.21875 4.417969 3.980468 7.820313 8.398437 7.601563 4.417969-.222657 7.820313-3.980469 7.601563-8.402344-1.5-33.421875-6.972657-66.546875-16.304688-98.679687 22.855469-5.136719 45.046875-12.875 66.144531-23.054688 21.746094 25.023438 37.675781 54.558594 46.640625 86.480469.738282 2.78125 2.917969 4.949219 5.703125 5.679687 2.78125.730469 5.746094-.09375 7.753907-2.152344 2.007812-2.0625 2.757812-5.042968 1.957031-7.808593zm-292.230469 279.871094c-1.992188-.566406-4-1.132813-5.953125-1.757813-1.601563-.511718-3.238281-1.058593-4.855469-1.601562-1.945312-.664062-3.878906-1.335938-5.808594-2.046875-1.601562-.59375-3.199218-1.207031-4.800781-1.839844-1.902343-.753906-3.800781-1.53125-5.6875-2.335937-1.566406-.671875-3.128906-1.359375-4.6875-2.066406-1.863281-.851563-3.710937-1.726563-5.550781-2.621094-1.539062-.753906-3.066406-1.511719-4.578125-2.296875-1.824219-.945313-3.632813-1.921875-5.429687-2.914063-1.496094-.796875-2.976563-1.644531-4.449219-2.503906-1.792969-1.046875-3.558594-2.125-5.328125-3.199219-1.425782-.878906-2.855469-1.757812-4.257813-2.679687-1.765625-1.152344-3.511719-2.34375-5.246093-3.550782-1.359376-.9375-2.71875-1.863281-4.0625-2.839843-1.738282-1.265625-3.441407-2.578125-5.144532-3.886719-1.289062-.992188-2.585937-1.960938-3.847656-2.976562-1.730469-1.394532-3.410156-2.839844-5.097656-4.289063-1.183594-1.015625-2.398438-2.007813-3.558594-3.046875-1.753906-1.601562-3.457031-3.203125-5.160156-4.800781-1.042969-1-2.113282-1.960938-3.136719-2.976563-.128906-.121094-.25-.257812-.367187-.382812 19.117187-8.679688 39.082031-15.363282 59.574218-19.945313 9.21875 29.816407 25.503906 56.964844 47.472656 79.136719-1.71875-.402344-3.433593-.800781-5.136718-1.226562-1.703125-.421876-3.28125-.894532-4.902344-1.351563zm-21.152344-79.925781c24.457032-4.507813 49.25-6.957032 74.117188-7.320313v95.046875c-29.773438-5.160156-56.476563-38.695312-74.117188-87.726562zm-37.785156-127.511719c.3125 39.117187 5.882812 78.011719 16.550781 115.648437-22.765625 5.136719-44.875 12.855469-65.894531 23-33.539062-38.601562-52.800781-87.546874-54.566406-138.648437zm-103.910156-16c1.765625-51.105469 21.03125-100.050781 54.574218-138.648437 21.015626 10.144531 43.121094 17.863281 65.886719 23-10.667969 37.632812-16.238281 76.53125-16.550781 115.648437zm66.261718-151.199219c.9375-.921875 1.914063-1.792968 2.855469-2.699218 1.800781-1.710938 3.59375-3.429688 5.441407-5.078126 1.113281-.992187 2.265624-1.945312 3.398437-2.914062 1.738281-1.496094 3.472656-2.984375 5.257813-4.421875 1.222656-.984375 2.488281-1.929687 3.726562-2.886719 1.746094-1.335937 3.480469-2.683594 5.257812-4 1.320313-.953125 2.664063-1.875 4-2.800781 1.757813-1.21875 3.511719-2.402344 5.296876-3.585937 1.398437-.910157 2.8125-1.78125 4.222656-2.65625 1.777344-1.101563 3.558594-2.199219 5.367187-3.246094 1.457031-.847656 2.9375-1.671875 4.410157-2.488282 1.804687-.996093 3.628906-1.972656 5.460937-2.929687 1.515625-.773437 3.035156-1.53125 4.5625-2.277344 1.839844-.90625 3.703125-1.785156 5.597656-2.632812 1.554688-.703125 3.113281-1.394531 4.679688-2.066407 1.882812-.796874 3.785156-1.597656 5.699219-2.34375 1.597656-.621093 3.199218-1.238281 4.796874-1.832031 1.929688-.710937 3.867188-1.382812 5.816407-2.046875 1.601562-.542968 3.199219-1.085937 4.839843-1.597656 1.976563-.625 4-1.195312 5.96875-1.761719 1.601563-.457031 3.199219-.929687 4.863282-1.351562 1.664062-.425781 3.417968-.800781 5.136718-1.226563-21.980468 22.175782-38.277343 49.332032-47.503906 79.160156-20.46875-4.570312-40.414062-11.242187-59.519531-19.902343.105469-.136719.230469-.289063.367187-.414063zm149.550782-64v95.007813c-24.867188-.363281-49.660156-2.8125-74.117188-7.320313 17.640625-49.035156 44.34375-82.570312 74.117188-87.6875zm0 335.4375c-26.582032.367188-53.078125 3.042969-79.199219 8-10.65625-36.476562-16.277344-74.238281-16.703125-112.238281h95.902344zm-95.902344-120.238281c.433594-37.980469 6.050781-75.71875 16.703125-112.175781 26.121094 4.957031 52.617187 7.632812 79.199219 8v104.175781zm111.902344-120.191406v-95.066407c29.753906 5.121094 56.640625 38.402344 74.339844 87.703126-24.53125 4.535156-49.398438 7-74.339844 7.363281zm42.242187-90c1.960938.453125 3.910157.894531 5.855469 1.398437 1.601562.425782 3.25.894532 4.871094 1.351563 1.992187.566406 4 1.136719 5.953125 1.761719 1.601562.511718 3.238281 1.054687 4.855469 1.597656 1.945312.664062 3.878906 1.335937 5.808593 2.050781 1.601563.589844 3.199219 1.203125 4.800781 1.839844 1.902344.75 3.800782 1.527343 5.6875 2.335937 1.566407.671875 3.128907 1.359375 4.6875 2.0625 1.867188.859375 3.71875 1.734375 5.550782 2.625 1.539062.75 3.066406 1.511719 4.578125 2.292969 1.824219.945313 3.632812 1.921875 5.429687 2.914063 1.496094.800781 2.976563 1.648437 4.449219 2.503906 1.792969 1.046875 3.558594 2.128906 5.328125 3.199218 1.425781.878907 2.855469 1.761719 4.257812 2.679688 1.765626 1.152344 3.511719 2.34375 5.246094 3.554688 1.359375.933593 2.71875 1.863281 4.0625 2.839843 1.738282 1.261719 3.441406 2.574219 5.144532 3.886719 1.289062.992188 2.585937 1.960938 3.847656 2.976562 1.730468 1.390626 3.410156 2.839844 5.097656 4.289063 1.183594 1.015625 2.398438 2.007813 3.558594 3.046875 1.753906 1.597656 3.457031 3.199219 5.160156 4.800781 1.042969 1 2.113281 1.957031 3.136719 2.972657.128906.121093.25.257812.367187.386718-19.195312 8.707032-39.242187 15.410156-59.816406 20-9.386719-29.910156-25.820312-57.132812-47.917969-79.367187zm0 0\" fill=\"#00665a\"><\/path><\/svg>\t\t\t\t\t\t<\/span>\n\t\t\t\t\t\t\t\t\t\t<span class=\"elementor-icon-list-text\">Umwelt<\/span>\n\t\t\t\t\t\t\t\t\t<\/li>\n\t\t\t\t\t\t<\/ul>\n\t\t\t\t\t\t<\/div>\n\t\t\t\t<\/div>\n\t\t\t\t\t<\/div>\n\t\t<\/div>\n\t\t\t\t\t<\/div>\n\t\t<\/section>\n\t\t\t\t<section class=\"elementor-section elementor-top-section elementor-element elementor-element-d8f15e5 elementor-section-boxed elementor-section-height-default elementor-section-height-default\" data-id=\"d8f15e5\" data-element_type=\"section\" data-e-type=\"section\">\n\t\t\t\t\t\t<div class=\"elementor-container elementor-column-gap-default\">\n\t\t\t\t\t<div class=\"elementor-column elementor-col-100 elementor-top-column elementor-element elementor-element-4488728\" data-id=\"4488728\" data-element_type=\"column\" data-e-type=\"column\">\n\t\t\t<div class=\"elementor-widget-wrap elementor-element-populated\">\n\t\t\t\t\t\t<div class=\"elementor-element elementor-element-2c4e0b8 elementor-widget elementor-widget-text-editor\" data-id=\"2c4e0b8\" data-element_type=\"widget\" data-e-type=\"widget\" data-widget_type=\"text-editor.default\">\n\t\t\t\t<div class=\"elementor-widget-container\">\n\t\t\t\t\t\t\t\t\t<p>Die Bildungsh\u00e4user Vierzehnheiligen lassen ihre betrieblichen Abl\u00e4ufe regelm\u00e4\u00dfig durch das unabh\u00e4ngige GreenSign Institut pr\u00fcfen. Dabei werden verschiedene Bereiche systematisch erfasst und bewertet \u2013 von Ressourcenverbrauch \u00fcber Organisation bis hin zu betrieblichen Prozessen. Grundlage ist ein umfassender Kriterienkatalog mit zahlreichen Einzelaspekten, deren Ergebnisse transparent dargestellt werden.<\/p><p>Die folgende \u00dcbersicht zeigt die aktuelle Auswertung der Zertifizierung und gibt Einblick in unterschiedliche Bereiche des Hauses.<\/p>\t\t\t\t\t\t\t\t<\/div>\n\t\t\t\t<\/div>\n\t\t\t\t\t<\/div>\n\t\t<\/div>\n\t\t\t\t\t<\/div>\n\t\t<\/section>\n\t\t\t\t<section class=\"elementor-section elementor-top-section elementor-element elementor-element-5a55bdf elementor-section-boxed elementor-section-height-default elementor-section-height-default\" data-id=\"5a55bdf\" data-element_type=\"section\" data-e-type=\"section\">\n\t\t\t\t\t\t<div class=\"elementor-container elementor-column-gap-default\">\n\t\t\t\t\t<div class=\"elementor-column elementor-col-100 elementor-top-column elementor-element elementor-element-9d68381\" data-id=\"9d68381\" data-element_type=\"column\" data-e-type=\"column\">\n\t\t\t<div class=\"elementor-widget-wrap elementor-element-populated\">\n\t\t\t\t\t\t<div class=\"elementor-element elementor-element-01bbed7 elementor-widget elementor-widget-text-editor\" data-id=\"01bbed7\" data-element_type=\"widget\" data-e-type=\"widget\" data-widget_type=\"text-editor.default\">\n\t\t\t\t<div class=\"elementor-widget-container\">\n\t\t\t\t\t\t\t\t\t<p>Auf folgender Seite finden Sie weiterf\u00fchrende Informationen zu Ma\u00dfnahmen, Entwicklungen und Aktivit\u00e4ten rund um das Thema Umwelt in den Bildungsh\u00e4usern.<\/p>\t\t\t\t\t\t\t\t<\/div>\n\t\t\t\t<\/div>\n\t\t\t\t<div class=\"elementor-element elementor-element-26ddfa8 elementor-mobile-align-justify elementor-widget elementor-widget-button\" data-id=\"26ddfa8\" data-element_type=\"widget\" data-e-type=\"widget\" data-widget_type=\"button.default\">\n\t\t\t\t<div class=\"elementor-widget-container\">\n\t\t\t\t\t\t\t\t\t<div class=\"elementor-button-wrapper\">\n\t\t\t\t\t<a class=\"elementor-button elementor-button-link elementor-size-sm\" href=\"https:\/\/bildungshaeuser-vierzehnheiligen.de\/ueber-uns\/nachhaltigkeitsaktivitaeten\/Zertifikat-GreenSign\/\" target=\"_blank\" rel=\"noopener\">\n\t\t\t\t\t\t<span class=\"elementor-button-content-wrapper\">\n\t\t\t\t\t\t\t\t\t<span class=\"elementor-button-text\">Weitere Informationen <\/span>\n\t\t\t\t\t<\/span>\n\t\t\t\t\t<\/a>\n\t\t\t\t<\/div>\n\t\t\t\t\t\t\t\t<\/div>\n\t\t\t\t<\/div>\n\t\t\t\t\t<\/div>\n\t\t<\/div>\n\t\t\t\t\t<\/div>\n\t\t<\/section>\n\t\t\t\t<section class=\"elementor-section elementor-top-section elementor-element elementor-element-49a8572 elementor-section-boxed elementor-section-height-default elementor-section-height-default\" data-id=\"49a8572\" data-element_type=\"section\" data-e-type=\"section\">\n\t\t\t\t\t\t<div class=\"elementor-container elementor-column-gap-default\">\n\t\t\t\t\t<div class=\"elementor-column elementor-col-100 elementor-top-column elementor-element elementor-element-3cecabc\" data-id=\"3cecabc\" data-element_type=\"column\" data-e-type=\"column\">\n\t\t\t<div class=\"elementor-widget-wrap elementor-element-populated\">\n\t\t\t\t\t\t<div class=\"elementor-element elementor-element-bb0ccc7 elementor-icon-list--layout-traditional elementor-list-item-link-full_width elementor-widget elementor-widget-icon-list\" data-id=\"bb0ccc7\" data-element_type=\"widget\" data-e-type=\"widget\" data-widget_type=\"icon-list.default\">\n\t\t\t\t<div class=\"elementor-widget-container\">\n\t\t\t\t\t\t\t<ul class=\"elementor-icon-list-items\">\n\t\t\t\t\t\t\t<li class=\"elementor-icon-list-item\">\n\t\t\t\t\t\t\t\t\t\t<span class=\"elementor-icon-list-text\">GreenSign Zertifikat<\/span>\n\t\t\t\t\t\t\t\t\t<\/li>\n\t\t\t\t\t\t<\/ul>\n\t\t\t\t\t\t<\/div>\n\t\t\t\t<\/div>\n\t\t\t\t\t<\/div>\n\t\t<\/div>\n\t\t\t\t\t<\/div>\n\t\t<\/section>\n\t\t\t\t<section class=\"elementor-section elementor-top-section elementor-element elementor-element-526ff9e7 elementor-section-boxed elementor-section-height-default elementor-section-height-default\" data-id=\"526ff9e7\" data-element_type=\"section\" data-e-type=\"section\">\n\t\t\t\t\t\t<div class=\"elementor-container elementor-column-gap-default\">\n\t\t\t\t\t<div class=\"elementor-column elementor-col-100 elementor-top-column elementor-element elementor-element-7a8f4d86\" data-id=\"7a8f4d86\" data-element_type=\"column\" data-e-type=\"column\">\n\t\t\t<div class=\"elementor-widget-wrap elementor-element-populated\">\n\t\t\t\t\t\t<div class=\"elementor-element elementor-element-812b2c3 elementor-widget elementor-widget-html\" data-id=\"812b2c3\" data-element_type=\"widget\" data-e-type=\"widget\" data-widget_type=\"html.default\">\n\t\t\t\t<div class=\"elementor-widget-container\">\n\t\t\t\t\t<div class=\"element type-flexible pivot\">\r\n<div id=\"greensign-widget-container\"><\/div>\r\n<script>\r\n(function(h,o,t,e,l,g,s){h[l]=h[l]||function(){\r\n    (h[l].q=h[l].q||[]).push(arguments)},h[l].l=1*new Date();g=o.createElement(t),\r\n    s=o.getElementsByTagName(t)[0];g.async=1;g.src=e;s.parentNode.insertBefore(g,s)\r\n})(window,document,'script','https:\/\/api.greensign.de\/widget\/greensign.js','gs');\r\n\r\ngs(\"GS01030\", {\"lang\":\"de\",\"container\":\"#greensign-widget-container\"});\r\n<\/script><\/div>\r\n<\/div>\r\n<\/div>\t\t\t\t<\/div>\n\t\t\t\t<\/div>\n\t\t\t\t\t<\/div>\n\t\t<\/div>\n\t\t\t\t\t<\/div>\n\t\t<\/section>\n\t\t\t\t<\/div>\n\t\t","protected":false},"excerpt":{"rendered":"<p>Umwelt Die Bildungsh\u00e4user Vierzehnheiligen lassen ihre betrieblichen Abl\u00e4ufe regelm\u00e4\u00dfig durch das unabh\u00e4ngige GreenSign Institut pr\u00fcfen. Dabei werden verschiedene Bereiche systematisch erfasst und bewertet \u2013 von Ressourcenverbrauch \u00fcber Organisation bis hin zu betrieblichen Prozessen. Grundlage ist ein umfassender Kriterienkatalog mit zahlreichen Einzelaspekten, deren Ergebnisse transparent dargestellt werden. Die folgende \u00dcbersicht zeigt die aktuelle Auswertung der Zertifizierung [&hellip;]<\/p>\n","protected":false},"author":2,"featured_media":0,"parent":0,"menu_order":0,"comment_status":"closed","ping_status":"closed","template":"","meta":{"site-sidebar-layout":"no-sidebar","site-content-layout":"page-builder","ast-site-content-layout":"default","site-content-style":"default","site-sidebar-style":"default","ast-global-header-display":"","ast-banner-title-visibility":"","ast-main-header-display":"","ast-hfb-above-header-display":"","ast-hfb-below-header-display":"","ast-hfb-mobile-header-display":"","site-post-title":"disabled","ast-breadcrumbs-content":"","ast-featured-img":"disabled","footer-sml-layout":"","ast-disable-related-posts":"","theme-transparent-header-meta":"","adv-header-id-meta":"","stick-header-meta":"","header-above-stick-meta":"","header-main-stick-meta":"","header-below-stick-meta":"","astra-migrate-meta-layouts":"default","ast-page-background-enabled":"default","ast-page-background-meta":{"desktop":{"background-color":"var(--ast-global-color-4)","background-image":"","background-repeat":"repeat","background-position":"center center","background-size":"auto","background-attachment":"scroll","background-type":"","background-media":"","overlay-type":"","overlay-color":"","overlay-opacity":"","overlay-gradient":""},"tablet":{"background-color":"","background-image":"","background-repeat":"repeat","background-position":"center center","background-size":"auto","background-attachment":"scroll","background-type":"","background-media":"","overlay-type":"","overlay-color":"","overlay-opacity":"","overlay-gradient":""},"mobile":{"background-color":"","background-image":"","background-repeat":"repeat","background-position":"center center","background-size":"auto","background-attachment":"scroll","background-type":"","background-media":"","overlay-type":"","overlay-color":"","overlay-opacity":"","overlay-gradient":""}},"ast-content-background-meta":{"desktop":{"background-color":"var(--ast-global-color-5)","background-image":"","background-repeat":"repeat","background-position":"center center","background-size":"auto","background-attachment":"scroll","background-type":"","background-media":"","overlay-type":"","overlay-color":"","overlay-opacity":"","overlay-gradient":""},"tablet":{"background-color":"var(--ast-global-color-5)","background-image":"","background-repeat":"repeat","background-position":"center center","background-size":"auto","background-attachment":"scroll","background-type":"","background-media":"","overlay-type":"","overlay-color":"","overlay-opacity":"","overlay-gradient":""},"mobile":{"background-color":"var(--ast-global-color-5)","background-image":"","background-repeat":"repeat","background-position":"center center","background-size":"auto","background-attachment":"scroll","background-type":"","background-media":"","overlay-type":"","overlay-color":"","overlay-opacity":"","overlay-gradient":""}},"_jet_sm_ready_style":"","_jet_sm_style":"","_jet_sm_controls_values":"","_jet_sm_fonts_collection":"","_jet_sm_fonts_links":"","footnotes":""},"class_list":["post-17682","page","type-page","status-publish","hentry"],"_links":{"self":[{"href":"https:\/\/14hl.gaeste-mappe.de\/en\/wp-json\/wp\/v2\/pages\/17682","targetHints":{"allow":["GET"]}}],"collection":[{"href":"https:\/\/14hl.gaeste-mappe.de\/en\/wp-json\/wp\/v2\/pages"}],"about":[{"href":"https:\/\/14hl.gaeste-mappe.de\/en\/wp-json\/wp\/v2\/types\/page"}],"author":[{"embeddable":true,"href":"https:\/\/14hl.gaeste-mappe.de\/en\/wp-json\/wp\/v2\/users\/2"}],"replies":[{"embeddable":true,"href":"https:\/\/14hl.gaeste-mappe.de\/en\/wp-json\/wp\/v2\/comments?post=17682"}],"version-history":[{"count":22,"href":"https:\/\/14hl.gaeste-mappe.de\/en\/wp-json\/wp\/v2\/pages\/17682\/revisions"}],"predecessor-version":[{"id":17796,"href":"https:\/\/14hl.gaeste-mappe.de\/en\/wp-json\/wp\/v2\/pages\/17682\/revisions\/17796"}],"wp:attachment":[{"href":"https:\/\/14hl.gaeste-mappe.de\/en\/wp-json\/wp\/v2\/media?parent=17682"}],"curies":[{"name":"wp","href":"https:\/\/api.w.org\/{rel}","templated":true}]}}