{"id":343,"date":"2021-11-02T11:58:44","date_gmt":"2021-11-02T11:58:44","guid":{"rendered":"https:\/\/demo.zorentino.com\/?page_id=343"},"modified":"2026-04-26T14:47:40","modified_gmt":"2026-04-26T14:47:40","slug":"hike","status":"publish","type":"page","link":"https:\/\/14hl.gaeste-mappe.de\/en\/wandern\/","title":{"rendered":"Hike"},"content":{"rendered":"<div data-elementor-type=\"wp-page\" data-elementor-id=\"343\" class=\"elementor elementor-343\" data-elementor-post-type=\"page\">\n\t\t\t\t\t\t<section class=\"elementor-section elementor-top-section elementor-element elementor-element-3f7402da elementor-section-boxed elementor-section-height-default elementor-section-height-default\" data-id=\"3f7402da\" data-element_type=\"section\" data-e-type=\"section\" data-settings=\"{&quot;background_background&quot;:&quot;classic&quot;}\">\n\t\t\t\t\t\t<div class=\"elementor-container elementor-column-gap-default\">\n\t\t\t\t\t<div class=\"elementor-column elementor-col-100 elementor-top-column elementor-element elementor-element-2ca3107c\" data-id=\"2ca3107c\" data-element_type=\"column\" data-e-type=\"column\">\n\t\t\t<div class=\"elementor-widget-wrap elementor-element-populated\">\n\t\t\t\t\t\t<div class=\"elementor-element elementor-element-1853eea4 kopf elementor-icon-list--layout-traditional elementor-list-item-link-full_width elementor-widget elementor-widget-icon-list\" data-id=\"1853eea4\" data-element_type=\"widget\" data-e-type=\"widget\" data-widget_type=\"icon-list.default\">\n\t\t\t\t<div class=\"elementor-widget-container\">\n\t\t\t\t\t\t\t<ul class=\"elementor-icon-list-items\">\n\t\t\t\t\t\t\t<li class=\"elementor-icon-list-item\">\n\t\t\t\t\t\t\t\t\t\t\t<span class=\"elementor-icon-list-icon\">\n\t\t\t\t\t\t\t<svg xmlns=\"http:\/\/www.w3.org\/2000\/svg\" id=\"Glyph\" height=\"512\" viewbox=\"0 0 64 64\" width=\"512\"><path d=\"m59.98 40.91a114.78381 114.78381 0 0 1 -52.91 1.01q-1.035-.21-2.07-.45a2.59941 2.59941 0 0 1 .03 1.07 35.679 35.679 0 0 0 -.84 5.55c-.29126 5.37272 4.04538 5.26382 8.11 5.12982 3.43109-.1598 8.1865 1.02162 9.26988-3.31992a27.412 27.412 0 0 1 7.25012 1.5301c.35031 2.35809 3.36825 1.69448 5.14 1.77995h.96995c7.45-.53 14.16-1.11 20.69-2.75 4.81591-1.15618 4.4672-5.51368 4.36005-9.54995z\"><\/path><path d=\"m4.63 39.33c18.29779 4.21527 36.90886 4.35367 54.2-.22991a8.7375 8.7375 0 0 0 -9.22-8.07009 21.68469 21.68469 0 0 1 -6.82-.81l-2.76 1.2a18.6618 18.6618 0 0 1 -2.49992 1 1.00682 1.00682 0 0 1 -.4-1.92c.247-.11326 2.57039-1.11548 2.88-1.25a21.67222 21.67222 0 0 1 -4.17-2.31l-2.32.75a18.24119 18.24119 0 0 1 -2.16.64 1.00081 1.00081 0 0 1 -.29995-1.95l.74995-.24 2.16-.71c-.17-.14-.34-.3-.5-.46a16.88052 16.88052 0 0 1 -2.06-2.4l-1.93.75a7.38074 7.38074 0 0 1 -1.48008.51 1.00227 1.00227 0 0 1 -.37-1.93005c.53079-.20568 2.14584-.84168 2.7-1.06a15.03249 15.03249 0 0 1 -1.82-7.61 2.261 2.261 0 0 0 -2.70008-2.44991 30.82831 30.82831 0 0 0 -20.52992 8.91996c-2.129 1.9578-.99169 5.04916-1.25018 7.59a78.74676 78.74676 0 0 0 .60018 12.04z\"><\/path><\/svg>\t\t\t\t\t\t<\/span>\n\t\t\t\t\t\t\t\t\t\t<span class=\"elementor-icon-list-text\">Hike<\/span>\n\t\t\t\t\t\t\t\t\t<\/li>\n\t\t\t\t\t\t<\/ul>\n\t\t\t\t\t\t<\/div>\n\t\t\t\t<\/div>\n\t\t\t\t\t<\/div>\n\t\t<\/div>\n\t\t\t\t\t<\/div>\n\t\t<\/section>\n\t\t\t\t<section class=\"elementor-section elementor-top-section elementor-element elementor-element-4ae068c7 elementor-section-boxed elementor-section-height-default elementor-section-height-default\" data-id=\"4ae068c7\" data-element_type=\"section\" data-e-type=\"section\">\n\t\t\t\t\t\t<div class=\"elementor-container elementor-column-gap-default\">\n\t\t\t\t\t<div class=\"elementor-column elementor-col-100 elementor-top-column elementor-element elementor-element-65616066\" data-id=\"65616066\" data-element_type=\"column\" data-e-type=\"column\">\n\t\t\t<div class=\"elementor-widget-wrap elementor-element-populated\">\n\t\t\t\t\t\t<div class=\"elementor-element elementor-element-25a8d8ff elementor-icon-list--layout-traditional elementor-list-item-link-full_width elementor-widget elementor-widget-icon-list\" data-id=\"25a8d8ff\" data-element_type=\"widget\" data-e-type=\"widget\" data-widget_type=\"icon-list.default\">\n\t\t\t\t<div class=\"elementor-widget-container\">\n\t\t\t\t\t\t\t<ul class=\"elementor-icon-list-items\">\n\t\t\t\t\t\t\t<li class=\"elementor-icon-list-item\">\n\t\t\t\t\t\t\t\t\t\t<span class=\"elementor-icon-list-text\">Hiking around Bad Staffelstein<\/span>\n\t\t\t\t\t\t\t\t\t<\/li>\n\t\t\t\t\t\t<\/ul>\n\t\t\t\t\t\t<\/div>\n\t\t\t\t<\/div>\n\t\t\t\t\t<\/div>\n\t\t<\/div>\n\t\t\t\t\t<\/div>\n\t\t<\/section>\n\t\t\t\t<section class=\"elementor-section elementor-top-section elementor-element elementor-element-73ef7f77 elementor-section-boxed elementor-section-height-default elementor-section-height-default\" data-id=\"73ef7f77\" data-element_type=\"section\" data-e-type=\"section\">\n\t\t\t\t\t\t<div class=\"elementor-container elementor-column-gap-default\">\n\t\t\t\t\t<div class=\"elementor-column elementor-col-100 elementor-top-column elementor-element elementor-element-2e5e0d65\" data-id=\"2e5e0d65\" data-element_type=\"column\" data-e-type=\"column\">\n\t\t\t<div class=\"elementor-widget-wrap elementor-element-populated\">\n\t\t\t\t\t\t<div class=\"elementor-element elementor-element-27a355fa elementor-widget elementor-widget-text-editor\" data-id=\"27a355fa\" data-element_type=\"widget\" data-e-type=\"widget\" data-widget_type=\"text-editor.default\">\n\t\t\t\t<div class=\"elementor-widget-container\">\n\t\t\t\t\t\t\t\t\t<p>The region around Bad Staffelstein is a true paradise for hiking enthusiasts. In the Obermain Jura natural area, you can expect varied trails through forests, over juniper slopes, and to impressive viewpoints.<\/p><p>Whether it's leisurely strolls, family-friendly circular trails or more demanding tours \u2013 the diverse landscape offers the right route for every pace and every ability. Along the way, numerous resting spots, sights and expansive views invite you to consciously enjoy nature.<\/p><p>On the following pages, you will find a wide selection of hiking suggestions, detailed descriptions, as well as maps and helpful tips for planning your tours.<\/p><p><em>The following images will take you directly to the respective tour overviews with a single click.<\/em><\/p>\t\t\t\t\t\t\t\t<\/div>\n\t\t\t\t<\/div>\n\t\t\t\t\t<\/div>\n\t\t<\/div>\n\t\t\t\t\t<\/div>\n\t\t<\/section>\n\t\t<div class=\"elementor-element elementor-element-f255d7e e-flex e-con-boxed e-con e-parent\" data-id=\"f255d7e\" data-element_type=\"container\" data-e-type=\"container\">\n\t\t\t\t\t<div class=\"e-con-inner\">\n\t\t<div class=\"elementor-element elementor-element-f87ca22 e-con-full e-flex e-con e-child\" data-id=\"f87ca22\" data-element_type=\"container\" data-e-type=\"container\">\n\t\t\t\t<div class=\"elementor-element elementor-element-88e14ef elementor-widget elementor-widget-image\" data-id=\"88e14ef\" data-element_type=\"widget\" data-e-type=\"widget\" data-widget_type=\"image.default\">\n\t\t\t\t<div class=\"elementor-widget-container\">\n\t\t\t\t\t\t\t\t\t\t\t\t<figure class=\"wp-caption\">\n\t\t\t\t\t\t\t\t\t\t\t<a href=\"https:\/\/obermain-jura.de\/wandertouren\/\" target=\"_blank\" rel=\"noopener\">\n\t\t\t\t\t\t\t<img fetchpriority=\"high\" decoding=\"async\" width=\"800\" height=\"461\" src=\"https:\/\/14hl.gaeste-mappe.de\/wp-content\/uploads\/2026\/04\/Wandern-Obermain-Jura.jpg\" class=\"attachment-large size-large wp-image-17870\" alt=\"\" srcset=\"https:\/\/14hl.gaeste-mappe.de\/wp-content\/uploads\/2026\/04\/Wandern-Obermain-Jura.jpg 800w, https:\/\/14hl.gaeste-mappe.de\/wp-content\/uploads\/2026\/04\/Wandern-Obermain-Jura-300x173.jpg 300w, https:\/\/14hl.gaeste-mappe.de\/wp-content\/uploads\/2026\/04\/Wandern-Obermain-Jura-768x443.jpg 768w, https:\/\/14hl.gaeste-mappe.de\/wp-content\/uploads\/2026\/04\/Wandern-Obermain-Jura-18x10.jpg 18w\" sizes=\"(max-width: 800px) 100vw, 800px\" \/>\t\t\t\t\t\t\t\t<\/a>\n\t\t\t\t\t\t\t\t\t\t\t<figcaption class=\"widget-image-caption wp-caption-text\">Routes on Obermain-Jura.de<\/figcaption>\n\t\t\t\t\t\t\t\t\t\t<\/figure>\n\t\t\t\t\t\t\t\t\t<\/div>\n\t\t\t\t<\/div>\n\t\t\t\t<\/div>\n\t\t<div class=\"elementor-element elementor-element-f27acb3 e-con-full e-flex e-con e-child\" data-id=\"f27acb3\" data-element_type=\"container\" data-e-type=\"container\">\n\t\t\t\t<div class=\"elementor-element elementor-element-bfa008c elementor-widget elementor-widget-image\" data-id=\"bfa008c\" data-element_type=\"widget\" data-e-type=\"widget\" data-widget_type=\"image.default\">\n\t\t\t\t<div class=\"elementor-widget-container\">\n\t\t\t\t\t\t\t\t\t\t\t\t<figure class=\"wp-caption\">\n\t\t\t\t\t\t\t\t\t\t\t<a href=\"https:\/\/bad-staffelstein.de\/de\/tourismus\/freizeit\/wandern\/wandern.php?wt_campaign=short\" target=\"_blank\" rel=\"noopener\">\n\t\t\t\t\t\t\t<img decoding=\"async\" width=\"800\" height=\"461\" src=\"https:\/\/14hl.gaeste-mappe.de\/wp-content\/uploads\/2026\/04\/Wandern-Bad-Staffelstein.jpg\" class=\"attachment-large size-large wp-image-17871\" alt=\"\" srcset=\"https:\/\/14hl.gaeste-mappe.de\/wp-content\/uploads\/2026\/04\/Wandern-Bad-Staffelstein.jpg 800w, https:\/\/14hl.gaeste-mappe.de\/wp-content\/uploads\/2026\/04\/Wandern-Bad-Staffelstein-300x173.jpg 300w, https:\/\/14hl.gaeste-mappe.de\/wp-content\/uploads\/2026\/04\/Wandern-Bad-Staffelstein-768x443.jpg 768w, https:\/\/14hl.gaeste-mappe.de\/wp-content\/uploads\/2026\/04\/Wandern-Bad-Staffelstein-18x10.jpg 18w\" sizes=\"(max-width: 800px) 100vw, 800px\" \/>\t\t\t\t\t\t\t\t<\/a>\n\t\t\t\t\t\t\t\t\t\t\t<figcaption class=\"widget-image-caption wp-caption-text\">Routes on Bad-Staffelstein.de<\/figcaption>\n\t\t\t\t\t\t\t\t\t\t<\/figure>\n\t\t\t\t\t\t\t\t\t<\/div>\n\t\t\t\t<\/div>\n\t\t\t\t<\/div>\n\t\t<div class=\"elementor-element elementor-element-8a06038 e-con-full e-flex e-con e-child\" data-id=\"8a06038\" data-element_type=\"container\" data-e-type=\"container\">\n\t\t\t\t<div class=\"elementor-element elementor-element-9ff431a elementor-widget elementor-widget-image\" data-id=\"9ff431a\" data-element_type=\"widget\" data-e-type=\"widget\" data-widget_type=\"image.default\">\n\t\t\t\t<div class=\"elementor-widget-container\">\n\t\t\t\t\t\t\t\t\t\t\t\t<figure class=\"wp-caption\">\n\t\t\t\t\t\t\t\t\t\t\t<a href=\"https:\/\/www.komoot.com\/de-de\/guide\/2487\/wandern-rund-um-bad-staffelstein\" target=\"_blank\" rel=\"noopener\">\n\t\t\t\t\t\t\t<img decoding=\"async\" width=\"800\" height=\"461\" src=\"https:\/\/14hl.gaeste-mappe.de\/wp-content\/uploads\/2026\/04\/wanderrouten-komoot.jpg\" class=\"attachment-large size-large wp-image-17872\" alt=\"\" srcset=\"https:\/\/14hl.gaeste-mappe.de\/wp-content\/uploads\/2026\/04\/wanderrouten-komoot.jpg 800w, https:\/\/14hl.gaeste-mappe.de\/wp-content\/uploads\/2026\/04\/wanderrouten-komoot-300x173.jpg 300w, https:\/\/14hl.gaeste-mappe.de\/wp-content\/uploads\/2026\/04\/wanderrouten-komoot-768x443.jpg 768w, https:\/\/14hl.gaeste-mappe.de\/wp-content\/uploads\/2026\/04\/wanderrouten-komoot-18x10.jpg 18w\" sizes=\"(max-width: 800px) 100vw, 800px\" \/>\t\t\t\t\t\t\t\t<\/a>\n\t\t\t\t\t\t\t\t\t\t\t<figcaption class=\"widget-image-caption wp-caption-text\">Routes on Komoot.com<\/figcaption>\n\t\t\t\t\t\t\t\t\t\t<\/figure>\n\t\t\t\t\t\t\t\t\t<\/div>\n\t\t\t\t<\/div>\n\t\t\t\t<\/div>\n\t\t\t\t\t<\/div>\n\t\t\t\t<\/div>\n\t\t\t\t<\/div>","protected":false},"excerpt":{"rendered":"<p>Wandern Wandern rund um Bad Staffelstein Die Region rund um Bad Staffelstein ist ein wahres Paradies f\u00fcr Wanderfreunde. Im Naturraum des Obermain Jura erwarten Sie abwechslungsreiche Wege durch W\u00e4lder, \u00fcber Wacholderh\u00e4nge und zu beeindruckenden Aussichtspunkten. Ob gem\u00fctliche Spazierg\u00e4nge, familienfreundliche Rundwege oder anspruchsvollere Touren \u2013 die Vielfalt der Landschaft bietet f\u00fcr jedes Tempo und jeden Anspruch [&hellip;]<\/p>\n","protected":false},"author":2,"featured_media":0,"parent":0,"menu_order":0,"comment_status":"closed","ping_status":"closed","template":"","meta":{"site-sidebar-layout":"no-sidebar","site-content-layout":"page-builder","ast-site-content-layout":"default","site-content-style":"default","site-sidebar-style":"default","ast-global-header-display":"","ast-banner-title-visibility":"","ast-main-header-display":"","ast-hfb-above-header-display":"","ast-hfb-below-header-display":"","ast-hfb-mobile-header-display":"","site-post-title":"disabled","ast-breadcrumbs-content":"","ast-featured-img":"disabled","footer-sml-layout":"","ast-disable-related-posts":"","theme-transparent-header-meta":"","adv-header-id-meta":"","stick-header-meta":"","header-above-stick-meta":"","header-main-stick-meta":"","header-below-stick-meta":"","astra-migrate-meta-layouts":"default","ast-page-background-enabled":"default","ast-page-background-meta":{"desktop":{"background-color":"var(--ast-global-color-4)","background-image":"","background-repeat":"repeat","background-position":"center center","background-size":"auto","background-attachment":"scroll","background-type":"","background-media":"","overlay-type":"","overlay-color":"","overlay-opacity":"","overlay-gradient":""},"tablet":{"background-color":"","background-image":"","background-repeat":"repeat","background-position":"center center","background-size":"auto","background-attachment":"scroll","background-type":"","background-media":"","overlay-type":"","overlay-color":"","overlay-opacity":"","overlay-gradient":""},"mobile":{"background-color":"","background-image":"","background-repeat":"repeat","background-position":"center center","background-size":"auto","background-attachment":"scroll","background-type":"","background-media":"","overlay-type":"","overlay-color":"","overlay-opacity":"","overlay-gradient":""}},"ast-content-background-meta":{"desktop":{"background-color":"var(--ast-global-color-5)","background-image":"","background-repeat":"repeat","background-position":"center center","background-size":"auto","background-attachment":"scroll","background-type":"","background-media":"","overlay-type":"","overlay-color":"","overlay-opacity":"","overlay-gradient":""},"tablet":{"background-color":"var(--ast-global-color-5)","background-image":"","background-repeat":"repeat","background-position":"center center","background-size":"auto","background-attachment":"scroll","background-type":"","background-media":"","overlay-type":"","overlay-color":"","overlay-opacity":"","overlay-gradient":""},"mobile":{"background-color":"var(--ast-global-color-5)","background-image":"","background-repeat":"repeat","background-position":"center center","background-size":"auto","background-attachment":"scroll","background-type":"","background-media":"","overlay-type":"","overlay-color":"","overlay-opacity":"","overlay-gradient":""}},"_jet_sm_ready_style":"","_jet_sm_style":"","_jet_sm_controls_values":"","_jet_sm_fonts_collection":"","_jet_sm_fonts_links":"","footnotes":""},"class_list":["post-343","page","type-page","status-publish","hentry"],"_links":{"self":[{"href":"https:\/\/14hl.gaeste-mappe.de\/en\/wp-json\/wp\/v2\/pages\/343","targetHints":{"allow":["GET"]}}],"collection":[{"href":"https:\/\/14hl.gaeste-mappe.de\/en\/wp-json\/wp\/v2\/pages"}],"about":[{"href":"https:\/\/14hl.gaeste-mappe.de\/en\/wp-json\/wp\/v2\/types\/page"}],"author":[{"embeddable":true,"href":"https:\/\/14hl.gaeste-mappe.de\/en\/wp-json\/wp\/v2\/users\/2"}],"replies":[{"embeddable":true,"href":"https:\/\/14hl.gaeste-mappe.de\/en\/wp-json\/wp\/v2\/comments?post=343"}],"version-history":[{"count":102,"href":"https:\/\/14hl.gaeste-mappe.de\/en\/wp-json\/wp\/v2\/pages\/343\/revisions"}],"predecessor-version":[{"id":17887,"href":"https:\/\/14hl.gaeste-mappe.de\/en\/wp-json\/wp\/v2\/pages\/343\/revisions\/17887"}],"wp:attachment":[{"href":"https:\/\/14hl.gaeste-mappe.de\/en\/wp-json\/wp\/v2\/media?parent=343"}],"curies":[{"name":"wp","href":"https:\/\/api.w.org\/{rel}","templated":true}]}}