{"id":351,"date":"2021-11-02T12:01:04","date_gmt":"2021-11-02T12:01:04","guid":{"rendered":"https:\/\/demo.zorentino.com\/?page_id=351"},"modified":"2026-04-08T17:57:40","modified_gmt":"2026-04-08T17:57:40","slug":"room-cleaning","status":"publish","type":"page","link":"https:\/\/14hl.gaeste-mappe.de\/en\/zimmerreinigung\/","title":{"rendered":"Room cleaning"},"content":{"rendered":"\t\t<div data-elementor-type=\"wp-page\" data-elementor-id=\"351\" class=\"elementor elementor-351\" data-elementor-post-type=\"page\">\n\t\t\t\t\t\t<section class=\"elementor-section elementor-top-section elementor-element elementor-element-125cb445 elementor-section-boxed elementor-section-height-default elementor-section-height-default\" data-id=\"125cb445\" data-element_type=\"section\" data-e-type=\"section\" data-settings=\"{&quot;background_background&quot;:&quot;classic&quot;}\">\n\t\t\t\t\t\t<div class=\"elementor-container elementor-column-gap-default\">\n\t\t\t\t\t<div class=\"elementor-column elementor-col-100 elementor-top-column elementor-element elementor-element-4c9574ad\" data-id=\"4c9574ad\" data-element_type=\"column\" data-e-type=\"column\">\n\t\t\t<div class=\"elementor-widget-wrap elementor-element-populated\">\n\t\t\t\t\t\t<div class=\"elementor-element elementor-element-2e433648 kopf elementor-icon-list--layout-traditional elementor-list-item-link-full_width elementor-widget elementor-widget-icon-list\" data-id=\"2e433648\" data-element_type=\"widget\" data-e-type=\"widget\" data-widget_type=\"icon-list.default\">\n\t\t\t\t<div class=\"elementor-widget-container\">\n\t\t\t\t\t\t\t<ul class=\"elementor-icon-list-items\">\n\t\t\t\t\t\t\t<li class=\"elementor-icon-list-item\">\n\t\t\t\t\t\t\t\t\t\t\t<span class=\"elementor-icon-list-icon\">\n\t\t\t\t\t\t\t<svg xmlns=\"http:\/\/www.w3.org\/2000\/svg\" id=\"Layer_5\" height=\"512\" viewBox=\"0 0 59 58\" width=\"512\"><g><path d=\"m53.553 37.895 2.634 1.316c.501.251.813.756.813 1.317 0 .812-.66 1.472-1.472 1.472h-.528c-4.963 0-9-4.037-9-9h-2c0 6.065 4.935 11 11 11h.528c1.914 0 3.472-1.558 3.472-3.472 0-1.323-.735-2.514-1.919-3.106l-2.634-1.316z\"><\/path><path d=\"m34 4h2v2h-2z\"><\/path><path d=\"m19 6c0-.552-.448-1-1-1h-2c-.552 0-1 .448-1 1v2h4z\"><\/path><path d=\"m27.535 6-.695 1.043c-.55.824-.84 1.783-.84 2.773v4.184h6v-4c0-.552-.448-1-1-1h-1v-3z\"><\/path><path d=\"m27.829 4h2.342c.413-1.164 1.525-2 2.829-2h1v-1c0-.552-.448-1-1-1h-8c-.552 0-1 .448-1 1v1h1c1.304 0 2.416.836 2.829 2z\"><\/path><path d=\"m15 14h4c.552 0 1-.448 1-1v-2c0-.552-.448-1-1-1h-4c-.552 0-1 .448-1 1v2c0 .552.448 1 1 1z\"><\/path><path d=\"m38 28v2h2.101c-.066-.323-.101-.658-.101-1s.035-.677.101-1z\"><\/path><circle cx=\"45\" cy=\"29\" r=\"3\"><\/circle><path d=\"m23 18h17.002l-.002-2h-21-4-15v2h17z\"><\/path><path d=\"m48 1c0-.552-.448-1-1-1s-1 .448-1 1v23.101c.743.152 1.416.482 2 .924z\"><\/path><path d=\"m48 33c0 2.339 1.153 4.414 2.921 5.686l2.079-4.158v-2.528h-4.026c-.278.367-.609.69-.974.97z\"><\/path><path d=\"m38 43.618-1-.5v2.882h16v-.17c-6.219-.967-11-6.344-11-12.83v-.03c-.365-.28-.696-.603-.974-.97h-3.026z\"><\/path><path d=\"m16 40c.338 0 .671.018 1 .051v-20.051h-15v17c0 3.54 2.077 6.722 5.245 8.177 1.706-3.083 4.99-5.177 8.755-5.177zm-12-14h2v2h-2zm2.333 16.219c-1.482-1.328-2.333-3.231-2.333-5.219v-7h2v7c0 1.421.607 2.779 1.667 3.729z\"><\/path><path d=\"m19.858 51h-7.716c.447 1.721 1.999 3 3.858 3s3.411-1.279 3.858-3z\"><\/path><path d=\"m16 56c-2.967 0-5.431-2.167-5.91-5h-2.021c.495 3.94 3.859 7 7.931 7s7.436-3.06 7.931-7h-2.021c-.479 2.833-2.943 5-5.91 5z\"><\/path><path d=\"m31 26c-.552 0-1 .448-1 1v12.586l1 1 1.803-1.803 3.197 1.599v-13.382c0-.552-.448-1-1-1z\"><\/path><path d=\"m26 50c0 .685-.07 1.354-.202 2h32.202v-4h-32.202c.132.646.202 1.315.202 2z\"><\/path><path d=\"m16 42c-4.072 0-7.436 3.06-7.931 7h15.861c-.494-3.94-3.858-7-7.93-7z\"><\/path><path d=\"m56 30v-2h-6.101c.066.323.101.658.101 1s-.035.677-.101 1z\"><\/path><path d=\"m21 41.353v-21.353h-2v20.461c.705.223 1.372.527 2 .892z\"><\/path><path d=\"m55.964 7.264c.071-.262.038-.524-.097-.759-.133-.232-.347-.399-.602-.469-.538-.147-1.09.182-1.231.701l-4.034 14.791v4.472h.853z\"><\/path><\/g><\/svg>\t\t\t\t\t\t<\/span>\n\t\t\t\t\t\t\t\t\t\t<span class=\"elementor-icon-list-text\">Zimmerreinigung<\/span>\n\t\t\t\t\t\t\t\t\t<\/li>\n\t\t\t\t\t\t<\/ul>\n\t\t\t\t\t\t<\/div>\n\t\t\t\t<\/div>\n\t\t\t\t\t<\/div>\n\t\t<\/div>\n\t\t\t\t\t<\/div>\n\t\t<\/section>\n\t\t\t\t<section class=\"elementor-section elementor-top-section elementor-element elementor-element-65af8c55 elementor-section-boxed elementor-section-height-default elementor-section-height-default\" data-id=\"65af8c55\" data-element_type=\"section\" data-e-type=\"section\">\n\t\t\t\t\t\t<div class=\"elementor-container elementor-column-gap-default\">\n\t\t\t\t\t<div class=\"elementor-column elementor-col-100 elementor-top-column elementor-element elementor-element-5ac24059\" data-id=\"5ac24059\" data-element_type=\"column\" data-e-type=\"column\">\n\t\t\t<div class=\"elementor-widget-wrap elementor-element-populated\">\n\t\t\t\t\t\t<div class=\"elementor-element elementor-element-508cc28a elementor-widget elementor-widget-text-editor\" data-id=\"508cc28a\" data-element_type=\"widget\" data-e-type=\"widget\" data-widget_type=\"text-editor.default\">\n\t\t\t\t<div class=\"elementor-widget-container\">\n\t\t\t\t\t\t\t\t\t<p data-start=\"84\" data-end=\"242\">Unsere Zimmer werden standardm\u00e4\u00dfig <strong data-start=\"119\" data-end=\"149\">alle zwei N\u00e4chte gereinigt<\/strong>, um Ihnen einen angenehmen Aufenthalt zu erm\u00f6glichen und gleichzeitig Ressourcen zu schonen.<\/p><p data-start=\"244\" data-end=\"413\">Sollten Sie w\u00e4hrend Ihres Aufenthalts <strong data-start=\"282\" data-end=\"310\">keine Reinigung w\u00fcnschen<\/strong>, k\u00f6nnen Sie diese ganz unkompliziert <strong data-start=\"348\" data-end=\"412\">bis zum Vorabend \u00fcber das untenstehende Formular abbestellen<\/strong>.<\/p><p data-start=\"415\" data-end=\"481\">Viele unserer G\u00e4ste entscheiden sich bewusst daf\u00fcr \u2013 zum Beispiel:<\/p><ul data-start=\"482\" data-end=\"668\"><li data-section-id=\"1dk4nur\" data-start=\"482\" data-end=\"550\"><strong data-start=\"484\" data-end=\"506\">der Umwelt zuliebe<\/strong>, um Wasser und Reinigungsmittel zu sparen<\/li><li data-section-id=\"efsvx7\" data-start=\"551\" data-end=\"615\">f\u00fcr <strong data-start=\"557\" data-end=\"613\">mehr Privatsph\u00e4re und Ruhe w\u00e4hrend Ihres Aufenthalts<\/strong><\/li><li data-section-id=\"8dme3m\" data-start=\"616\" data-end=\"668\">oder einfach, weil keine Reinigung notwendig ist<\/li><\/ul>\t\t\t\t\t\t\t\t<\/div>\n\t\t\t\t<\/div>\n\t\t\t\t<div class=\"elementor-element elementor-element-c3e0ec9 elementor-button-align-stretch elementor-widget elementor-widget-form\" data-id=\"c3e0ec9\" data-element_type=\"widget\" data-e-type=\"widget\" data-settings=\"{&quot;button_width&quot;:&quot;40&quot;,&quot;button_width_tablet&quot;:&quot;70&quot;,&quot;step_next_label&quot;:&quot;N\\u00e4chster&quot;,&quot;step_previous_label&quot;:&quot;Voriger&quot;,&quot;step_type&quot;:&quot;number_text&quot;,&quot;step_icon_shape&quot;:&quot;circle&quot;}\" data-widget_type=\"form.default\">\n\t\t\t\t<div class=\"elementor-widget-container\">\n\t\t\t\t\t\t\t<form class=\"elementor-form\" method=\"post\" name=\"Neues Formular\" aria-label=\"Neues Formular\">\n\t\t\t<input type=\"hidden\" name=\"post_id\" value=\"351\"\/>\n\t\t\t<input type=\"hidden\" name=\"form_id\" value=\"c3e0ec9\"\/>\n\t\t\t<input type=\"hidden\" name=\"referer_title\" value=\"Zimmerreinigung\" \/>\n\n\t\t\t\t\t\t\t<input type=\"hidden\" name=\"queried_id\" value=\"351\"\/>\n\t\t\t\n\t\t\t<div class=\"ele-extensions-hide-form elementor-form-fields-wrapper elementor-labels-above\">\n\t\t\t\t\t\t\t\t<div class=\"elementor-field-type-text elementor-field-group elementor-column elementor-field-group-name elementor-col-100 elementor-field-required\">\n\t\t\t\t\t\t\t\t\t\t\t\t<label for=\"form-field-name\" class=\"elementor-field-label\">\n\t\t\t\t\t\t\t\tName\t\t\t\t\t\t\t<\/label>\n\t\t\t\t\t\t\t\t\t\t\t\t\t\t<input size=\"1\" type=\"text\" name=\"form_fields[name]\" id=\"form-field-name\" class=\"elementor-field elementor-size-sm  elementor-field-textual\" placeholder=\"Name\" required=\"required\">\n\t\t\t\t\t\t\t\t\t\t\t<\/div>\n\t\t\t\t\t\t\t\t<div class=\"elementor-field-type-text elementor-field-group elementor-column elementor-field-group-field_b073807 elementor-col-100 elementor-field-required\">\n\t\t\t\t\t\t\t\t\t\t\t\t<label for=\"form-field-field_b073807\" class=\"elementor-field-label\">\n\t\t\t\t\t\t\t\tZimmernummer\t\t\t\t\t\t\t<\/label>\n\t\t\t\t\t\t\t\t\t\t\t\t\t\t<input size=\"1\" type=\"text\" name=\"form_fields[field_b073807]\" id=\"form-field-field_b073807\" class=\"elementor-field elementor-size-sm  elementor-field-textual\" placeholder=\"Ihre Zimmernummer\" required=\"required\">\n\t\t\t\t\t\t\t\t\t\t\t<\/div>\n\t\t\t\t\t\t\t\t<div class=\"elementor-field-type-date elementor-field-group elementor-column elementor-field-group-field_60f680e elementor-col-100\">\n\t\t\t\t\t\t\t\t\t\t\t\t<label for=\"form-field-field_60f680e\" class=\"elementor-field-label\">\n\t\t\t\t\t\t\t\tAn welchem Tag soll keine Zimmerreinigung erfolgen?\t\t\t\t\t\t\t<\/label>\n\t\t\t\t\t\t\n\t\t<input type=\"date\" name=\"form_fields[field_60f680e]\" id=\"form-field-field_60f680e\" class=\"elementor-field elementor-size-sm  elementor-field-textual elementor-date-field\" placeholder=\"Bitte ein Datum ausw\u00e4hlen\" pattern=\"[0-9]{4}-[0-9]{2}-[0-9]{2}\">\n\t\t\t\t\t\t<\/div>\n\t\t\t\t\t\t\t\t<div class=\"elementor-field-group elementor-column elementor-field-type-submit elementor-col-40 e-form__buttons elementor-md-70\">\n\t\t\t\t\t<button class=\"elementor-button elementor-size-sm\" type=\"submit\">\n\t\t\t\t\t\t<span class=\"elementor-button-content-wrapper\">\n\t\t\t\t\t\t\t\t\t\t\t\t\t\t\t\t\t\t\t\t\t\t<span class=\"elementor-button-text\">Zimmerreinigung abbestellen<\/span>\n\t\t\t\t\t\t\t\t\t\t\t\t\t<\/span>\n\t\t\t\t\t<\/button>\n\t\t\t\t<\/div>\n\t\t\t<\/div>\n\t\t<\/form>\n\t\t\t\t\t\t<\/div>\n\t\t\t\t<\/div>\n\t\t\t\t\t<\/div>\n\t\t<\/div>\n\t\t\t\t\t<\/div>\n\t\t<\/section>\n\t\t\t\t<section class=\"elementor-section elementor-top-section elementor-element elementor-element-39015015 elementor-section-boxed elementor-section-height-default elementor-section-height-default\" data-id=\"39015015\" data-element_type=\"section\" data-e-type=\"section\">\n\t\t\t\t\t\t<div class=\"elementor-container elementor-column-gap-default\">\n\t\t\t\t\t<div class=\"elementor-column elementor-col-100 elementor-top-column elementor-element elementor-element-634b4cae\" data-id=\"634b4cae\" data-element_type=\"column\" data-e-type=\"column\">\n\t\t\t<div class=\"elementor-widget-wrap elementor-element-populated\">\n\t\t\t\t\t\t<div class=\"elementor-element elementor-element-103f7827 elementor-icon-list--layout-traditional elementor-list-item-link-full_width elementor-widget elementor-widget-icon-list\" data-id=\"103f7827\" data-element_type=\"widget\" data-e-type=\"widget\" data-widget_type=\"icon-list.default\">\n\t\t\t\t<div class=\"elementor-widget-container\">\n\t\t\t\t\t\t\t<ul class=\"elementor-icon-list-items\">\n\t\t\t\t\t\t\t<li class=\"elementor-icon-list-item\">\n\t\t\t\t\t\t\t\t\t\t\t<span class=\"elementor-icon-list-icon\">\n\t\t\t\t\t\t\t<svg xmlns=\"http:\/\/www.w3.org\/2000\/svg\" height=\"448pt\" viewBox=\"0 0 448 448.008\" width=\"448pt\"><path d=\"m392.003906.0078125c-1.570312.0117187-3.136718.1835935-4.671875.5039065-.472656.089843-.929687.230469-1.390625.351562-1.042968.269531-2.0625.609375-3.058594 1.015625-.480468.191406-.949218.394532-1.414062.625-1.011719.496094-1.984375 1.066406-2.914062 1.703125-.320313.21875-.671876.402344-.984376.640625-1.195312.898438-2.304687 1.910156-3.308593 3.015625l-.121094.144531h35.75c-.3125-.351562-.628906-.703124-.957031-1.039062-4.507813-4.460938-10.589844-6.9609375-16.929688-6.9609375zm0 0\"><\/path><path d=\"m368.003906 320.007812v96h48v-360h-48zm0 0\"><\/path><path d=\"m440.003906 40.007812c4.417969 0 8-3.582031 8-8 0-4.417968-3.582031-8-8-8h-72v16zm0 0\"><\/path><path d=\"m48.003906 328.007812h304v32h-304zm0 0\"><\/path><path d=\"m352.003906 424.007812v-48h-304v72h304zm0 0\"><\/path><path d=\"m8.003906 40.007812h24c.007813-2.597656.195313-5.195312.558594-7.769531.121094-.855469.351562-1.6875.511719-2.535156.3125-1.695313.640625-3.390625 1.113281-5.039063.066406-.214843.082031-.441406.144531-.65625h-26.328125c-2.082031-.019531-4.085937.808594-5.542968 2.296876-1.570313 1.480468-2.460938 3.542968-2.45703175 5.703124 0 4.417969 3.58203175 8 7.99999975 8zm0 0\"><\/path><path d=\"m352.003906 48.007812v-24c-.019531-3.351562.414063-6.691406 1.289063-9.929687v-.238281c.09375-.367188.277343-.6875.382812-1.054688.535157-1.917968 1.214844-3.789062 2.03125-5.601562.441407-.953125.984375-1.816406 1.496094-2.71875.636719-1.183594 1.332031-2.332032 2.089844-3.441406.222656-.328126.375-.703126.613281-1.023438h-271.902344c-14.269531.0195312-27.449218 7.640625-34.582031 20-3.589844 6.054688-5.464844 12.96875-5.417969 20.007812v272h304zm0 0\"><\/path><\/svg>\t\t\t\t\t\t<\/span>\n\t\t\t\t\t\t\t\t\t\t<span class=\"elementor-icon-list-text\">Handtuchwechsel anfordern<\/span>\n\t\t\t\t\t\t\t\t\t<\/li>\n\t\t\t\t\t\t<\/ul>\n\t\t\t\t\t\t<\/div>\n\t\t\t\t<\/div>\n\t\t\t\t\t<\/div>\n\t\t<\/div>\n\t\t\t\t\t<\/div>\n\t\t<\/section>\n\t\t\t\t<section class=\"elementor-section elementor-top-section elementor-element elementor-element-20d682e8 elementor-section-boxed elementor-section-height-default elementor-section-height-default\" data-id=\"20d682e8\" data-element_type=\"section\" data-e-type=\"section\">\n\t\t\t\t\t\t<div class=\"elementor-container elementor-column-gap-default\">\n\t\t\t\t\t<div class=\"elementor-column elementor-col-100 elementor-top-column elementor-element elementor-element-34ead40b\" data-id=\"34ead40b\" data-element_type=\"column\" data-e-type=\"column\">\n\t\t\t<div class=\"elementor-widget-wrap elementor-element-populated\">\n\t\t\t\t\t\t<div class=\"elementor-element elementor-element-3015aaff elementor-widget elementor-widget-text-editor\" data-id=\"3015aaff\" data-element_type=\"widget\" data-e-type=\"widget\" data-widget_type=\"text-editor.default\">\n\t\t\t\t<div class=\"elementor-widget-container\">\n\t\t\t\t\t\t\t\t\t<p data-start=\"710\" data-end=\"830\">Einen <strong data-start=\"716\" data-end=\"748\">zus\u00e4tzlichen Handtuchwechsel<\/strong> k\u00f6nnen Sie jederzeit bequem \u00fcber das Formular am Ende dieser Seite anfordern. <strong>Nach dem Absenden des Formulars werden die Handt\u00fccher am n\u00e4chsten Tag ausgetauscht.<\/strong><\/p><p data-start=\"832\" data-end=\"989\">So helfen wir gemeinsam, unn\u00f6tigen Wasserverbrauch zu vermeiden, und stellen gleichzeitig sicher, dass Sie genau den Komfort erhalten, den Sie sich w\u00fcnschen.<\/p>\t\t\t\t\t\t\t\t<\/div>\n\t\t\t\t<\/div>\n\t\t\t\t<div class=\"elementor-element elementor-element-1c4b0cc elementor-button-align-stretch elementor-widget elementor-widget-form\" data-id=\"1c4b0cc\" data-element_type=\"widget\" data-e-type=\"widget\" data-settings=\"{&quot;button_width&quot;:&quot;40&quot;,&quot;button_width_tablet&quot;:&quot;70&quot;,&quot;step_next_label&quot;:&quot;N\\u00e4chster&quot;,&quot;step_previous_label&quot;:&quot;Voriger&quot;,&quot;step_type&quot;:&quot;number_text&quot;,&quot;step_icon_shape&quot;:&quot;circle&quot;}\" data-widget_type=\"form.default\">\n\t\t\t\t<div class=\"elementor-widget-container\">\n\t\t\t\t\t\t\t<form class=\"elementor-form\" method=\"post\" name=\"Handtuchwechsel\" aria-label=\"Handtuchwechsel\">\n\t\t\t<input type=\"hidden\" name=\"post_id\" value=\"351\"\/>\n\t\t\t<input type=\"hidden\" name=\"form_id\" value=\"1c4b0cc\"\/>\n\t\t\t<input type=\"hidden\" name=\"referer_title\" value=\"Zimmerreinigung\" \/>\n\n\t\t\t\t\t\t\t<input type=\"hidden\" name=\"queried_id\" value=\"351\"\/>\n\t\t\t\n\t\t\t<div class=\"ele-extensions-hide-form elementor-form-fields-wrapper elementor-labels-above\">\n\t\t\t\t\t\t\t\t<div class=\"elementor-field-type-text elementor-field-group elementor-column elementor-field-group-name elementor-col-100 elementor-field-required\">\n\t\t\t\t\t\t\t\t\t\t\t\t<label for=\"form-field-name\" class=\"elementor-field-label\">\n\t\t\t\t\t\t\t\tName\t\t\t\t\t\t\t<\/label>\n\t\t\t\t\t\t\t\t\t\t\t\t\t\t<input size=\"1\" type=\"text\" name=\"form_fields[name]\" id=\"form-field-name\" class=\"elementor-field elementor-size-sm  elementor-field-textual\" placeholder=\"Name\" required=\"required\">\n\t\t\t\t\t\t\t\t\t\t\t<\/div>\n\t\t\t\t\t\t\t\t<div class=\"elementor-field-type-text elementor-field-group elementor-column elementor-field-group-field_b073807 elementor-col-100 elementor-field-required\">\n\t\t\t\t\t\t\t\t\t\t\t\t<label for=\"form-field-field_b073807\" class=\"elementor-field-label\">\n\t\t\t\t\t\t\t\tZimmernummer\t\t\t\t\t\t\t<\/label>\n\t\t\t\t\t\t\t\t\t\t\t\t\t\t<input size=\"1\" type=\"text\" name=\"form_fields[field_b073807]\" id=\"form-field-field_b073807\" class=\"elementor-field elementor-size-sm  elementor-field-textual\" placeholder=\"Ihre Zimmernummer\" required=\"required\">\n\t\t\t\t\t\t\t\t\t\t\t<\/div>\n\t\t\t\t\t\t\t\t<div class=\"elementor-field-group elementor-column elementor-field-type-submit elementor-col-40 e-form__buttons elementor-md-70\">\n\t\t\t\t\t<button class=\"elementor-button elementor-size-sm\" type=\"submit\">\n\t\t\t\t\t\t<span class=\"elementor-button-content-wrapper\">\n\t\t\t\t\t\t\t\t\t\t\t\t\t\t\t\t\t\t\t\t\t\t<span class=\"elementor-button-text\">Handtuchwechsel anfordern<\/span>\n\t\t\t\t\t\t\t\t\t\t\t\t\t<\/span>\n\t\t\t\t\t<\/button>\n\t\t\t\t<\/div>\n\t\t\t<\/div>\n\t\t<\/form>\n\t\t\t\t\t\t<\/div>\n\t\t\t\t<\/div>\n\t\t\t\t\t<\/div>\n\t\t<\/div>\n\t\t\t\t\t<\/div>\n\t\t<\/section>\n\t\t\t\t<\/div>\n\t\t","protected":false},"excerpt":{"rendered":"<p>Zimmerreinigung Unsere Zimmer werden standardm\u00e4\u00dfig alle zwei N\u00e4chte gereinigt, um Ihnen einen angenehmen Aufenthalt zu erm\u00f6glichen und gleichzeitig Ressourcen zu schonen. Sollten Sie w\u00e4hrend Ihres Aufenthalts keine Reinigung w\u00fcnschen, k\u00f6nnen Sie diese ganz unkompliziert bis zum Vorabend \u00fcber das untenstehende Formular abbestellen. Viele unserer G\u00e4ste entscheiden sich bewusst daf\u00fcr \u2013 zum Beispiel: der Umwelt zuliebe, [&hellip;]<\/p>\n","protected":false},"author":2,"featured_media":0,"parent":0,"menu_order":0,"comment_status":"closed","ping_status":"closed","template":"","meta":{"site-sidebar-layout":"no-sidebar","site-content-layout":"page-builder","ast-site-content-layout":"default","site-content-style":"default","site-sidebar-style":"default","ast-global-header-display":"","ast-banner-title-visibility":"","ast-main-header-display":"","ast-hfb-above-header-display":"","ast-hfb-below-header-display":"","ast-hfb-mobile-header-display":"","site-post-title":"disabled","ast-breadcrumbs-content":"","ast-featured-img":"disabled","footer-sml-layout":"","ast-disable-related-posts":"","theme-transparent-header-meta":"","adv-header-id-meta":"","stick-header-meta":"","header-above-stick-meta":"","header-main-stick-meta":"","header-below-stick-meta":"","astra-migrate-meta-layouts":"default","ast-page-background-enabled":"default","ast-page-background-meta":{"desktop":{"background-color":"var(--ast-global-color-4)","background-image":"","background-repeat":"repeat","background-position":"center center","background-size":"auto","background-attachment":"scroll","background-type":"","background-media":"","overlay-type":"","overlay-color":"","overlay-opacity":"","overlay-gradient":""},"tablet":{"background-color":"","background-image":"","background-repeat":"repeat","background-position":"center center","background-size":"auto","background-attachment":"scroll","background-type":"","background-media":"","overlay-type":"","overlay-color":"","overlay-opacity":"","overlay-gradient":""},"mobile":{"background-color":"","background-image":"","background-repeat":"repeat","background-position":"center center","background-size":"auto","background-attachment":"scroll","background-type":"","background-media":"","overlay-type":"","overlay-color":"","overlay-opacity":"","overlay-gradient":""}},"ast-content-background-meta":{"desktop":{"background-color":"var(--ast-global-color-5)","background-image":"","background-repeat":"repeat","background-position":"center center","background-size":"auto","background-attachment":"scroll","background-type":"","background-media":"","overlay-type":"","overlay-color":"","overlay-opacity":"","overlay-gradient":""},"tablet":{"background-color":"var(--ast-global-color-5)","background-image":"","background-repeat":"repeat","background-position":"center center","background-size":"auto","background-attachment":"scroll","background-type":"","background-media":"","overlay-type":"","overlay-color":"","overlay-opacity":"","overlay-gradient":""},"mobile":{"background-color":"var(--ast-global-color-5)","background-image":"","background-repeat":"repeat","background-position":"center center","background-size":"auto","background-attachment":"scroll","background-type":"","background-media":"","overlay-type":"","overlay-color":"","overlay-opacity":"","overlay-gradient":""}},"_jet_sm_ready_style":"","_jet_sm_style":"","_jet_sm_controls_values":"","_jet_sm_fonts_collection":"","_jet_sm_fonts_links":"","footnotes":""},"class_list":["post-351","page","type-page","status-publish","hentry"],"_links":{"self":[{"href":"https:\/\/14hl.gaeste-mappe.de\/en\/wp-json\/wp\/v2\/pages\/351","targetHints":{"allow":["GET"]}}],"collection":[{"href":"https:\/\/14hl.gaeste-mappe.de\/en\/wp-json\/wp\/v2\/pages"}],"about":[{"href":"https:\/\/14hl.gaeste-mappe.de\/en\/wp-json\/wp\/v2\/types\/page"}],"author":[{"embeddable":true,"href":"https:\/\/14hl.gaeste-mappe.de\/en\/wp-json\/wp\/v2\/users\/2"}],"replies":[{"embeddable":true,"href":"https:\/\/14hl.gaeste-mappe.de\/en\/wp-json\/wp\/v2\/comments?post=351"}],"version-history":[{"count":89,"href":"https:\/\/14hl.gaeste-mappe.de\/en\/wp-json\/wp\/v2\/pages\/351\/revisions"}],"predecessor-version":[{"id":17433,"href":"https:\/\/14hl.gaeste-mappe.de\/en\/wp-json\/wp\/v2\/pages\/351\/revisions\/17433"}],"wp:attachment":[{"href":"https:\/\/14hl.gaeste-mappe.de\/en\/wp-json\/wp\/v2\/media?parent=351"}],"curies":[{"name":"wp","href":"https:\/\/api.w.org\/{rel}","templated":true}]}}