{"id":355,"date":"2021-11-02T12:01:56","date_gmt":"2021-11-02T12:01:56","guid":{"rendered":"https:\/\/demo.zorentino.com\/?page_id=355"},"modified":"2026-03-09T11:37:19","modified_gmt":"2026-03-09T11:37:19","slug":"wifi","status":"publish","type":"page","link":"https:\/\/14hl.gaeste-mappe.de\/en\/wlan\/","title":{"rendered":"WiFi"},"content":{"rendered":"<div data-elementor-type=\"wp-page\" data-elementor-id=\"355\" class=\"elementor elementor-355\" data-elementor-post-type=\"page\">\n\t\t\t\t\t\t<section class=\"elementor-section elementor-top-section elementor-element elementor-element-63c3904d elementor-section-boxed elementor-section-height-default elementor-section-height-default\" data-id=\"63c3904d\" data-element_type=\"section\" data-e-type=\"section\" data-settings=\"{&quot;background_background&quot;:&quot;classic&quot;}\">\n\t\t\t\t\t\t<div class=\"elementor-container elementor-column-gap-default\">\n\t\t\t\t\t<div class=\"elementor-column elementor-col-100 elementor-top-column elementor-element elementor-element-3400d342\" data-id=\"3400d342\" data-element_type=\"column\" data-e-type=\"column\">\n\t\t\t<div class=\"elementor-widget-wrap elementor-element-populated\">\n\t\t\t\t\t\t<div class=\"elementor-element elementor-element-e4a36fd kopf elementor-icon-list--layout-traditional elementor-list-item-link-full_width elementor-widget elementor-widget-icon-list\" data-id=\"e4a36fd\" data-element_type=\"widget\" data-e-type=\"widget\" data-widget_type=\"icon-list.default\">\n\t\t\t\t<div class=\"elementor-widget-container\">\n\t\t\t\t\t\t\t<ul class=\"elementor-icon-list-items\">\n\t\t\t\t\t\t\t<li class=\"elementor-icon-list-item\">\n\t\t\t\t\t\t\t\t\t\t\t<span class=\"elementor-icon-list-icon\">\n\t\t\t\t\t\t\t<i aria-hidden=\"true\" class=\"fas fa-wifi\"><\/i>\t\t\t\t\t\t<\/span>\n\t\t\t\t\t\t\t\t\t\t<span class=\"elementor-icon-list-text\">WiFi<\/span>\n\t\t\t\t\t\t\t\t\t<\/li>\n\t\t\t\t\t\t<\/ul>\n\t\t\t\t\t\t<\/div>\n\t\t\t\t<\/div>\n\t\t\t\t\t<\/div>\n\t\t<\/div>\n\t\t\t\t\t<\/div>\n\t\t<\/section>\n\t\t\t\t<section class=\"elementor-section elementor-top-section elementor-element elementor-element-2225ad00 elementor-section-boxed elementor-section-height-default elementor-section-height-default\" data-id=\"2225ad00\" data-element_type=\"section\" data-e-type=\"section\">\n\t\t\t\t\t\t<div class=\"elementor-container elementor-column-gap-default\">\n\t\t\t\t\t<div class=\"elementor-column elementor-col-100 elementor-top-column elementor-element elementor-element-43d02235\" data-id=\"43d02235\" data-element_type=\"column\" data-e-type=\"column\">\n\t\t\t<div class=\"elementor-widget-wrap elementor-element-populated\">\n\t\t\t\t\t\t<div class=\"elementor-element elementor-element-6889410e elementor-widget elementor-widget-text-editor\" data-id=\"6889410e\" data-element_type=\"widget\" data-e-type=\"widget\" data-widget_type=\"text-editor.default\">\n\t\t\t\t<div class=\"elementor-widget-container\">\n\t\t\t\t\t\t\t\t\t<p>You have good Wi-Fi reception in our guest houses. Simply scan the QR code and your smartphone will connect to our Wi-Fi.\u00a0<\/p><p><b>You will also find the QR code on the flyer in your room.<\/b><\/p><p>To manually select the Wi-Fi network, simply select the Wi-Fi with the name listed below above the QR code on your smartphone, tablet or notebook.<\/p>\t\t\t\t\t\t\t\t<\/div>\n\t\t\t\t<\/div>\n\t\t\t\t\t<\/div>\n\t\t<\/div>\n\t\t\t\t\t<\/div>\n\t\t<\/section>\n\t\t\t\t<section class=\"elementor-section elementor-top-section elementor-element elementor-element-a5d4f4c elementor-section-boxed elementor-section-height-default elementor-section-height-default\" data-id=\"a5d4f4c\" data-element_type=\"section\" data-e-type=\"section\">\n\t\t\t\t\t\t<div class=\"elementor-container elementor-column-gap-default\">\n\t\t\t\t\t<div class=\"elementor-column elementor-col-100 elementor-top-column elementor-element elementor-element-a3d376d\" data-id=\"a3d376d\" data-element_type=\"column\" data-e-type=\"column\" data-settings=\"{&quot;background_background&quot;:&quot;classic&quot;}\">\n\t\t\t<div class=\"elementor-widget-wrap elementor-element-populated\">\n\t\t\t\t\t\t<div class=\"elementor-element elementor-element-6cbc432 elementor-icon-list--layout-traditional elementor-list-item-link-full_width elementor-widget elementor-widget-icon-list\" data-id=\"6cbc432\" data-element_type=\"widget\" data-e-type=\"widget\" data-widget_type=\"icon-list.default\">\n\t\t\t\t<div class=\"elementor-widget-container\">\n\t\t\t\t\t\t\t<ul class=\"elementor-icon-list-items\">\n\t\t\t\t\t\t\t<li class=\"elementor-icon-list-item\">\n\t\t\t\t\t\t\t\t\t\t\t<span class=\"elementor-icon-list-icon\">\n\t\t\t\t\t\t\t<svg xmlns=\"http:\/\/www.w3.org\/2000\/svg\" height=\"512\" viewbox=\"0 0 512 512\" width=\"512\"><g id=\"_x33_5_x2C__Smart_Phone_x2C__Cell_Phone_x2C__Mobile_Phone_x2C__Technology_x2C__Communications\"><g><path d=\"m291 206h20v20h-20z\"><\/path><path d=\"m201 206h20v20h-20z\"><\/path><path d=\"m201 286h20v20h-20z\"><\/path><path d=\"m371 1h-230c-22.056 0-40 17.944-40 40v430c0 22.056 17.944 40 40 40h230c22.056 0 40-17.944 40-40v-430c0-22.056-17.944-40-40-40zm20 470c0 11.028-8.972 20-20 20h-230c-11.028 0-20-8.972-20-20v-40h270zm-160-225h-40c-5.523 0-10-4.477-10-10v-40c0-5.523 4.477-10 10-10h40c5.523 0 10 4.477 10 10v40c0 5.523-4.477 10-10 10zm10 30v40c0 5.522-4.477 10-10 10h-40c-5.523 0-10-4.478-10-10v-40c0-5.522 4.477-10 10-10h40c5.523 0 10 4.478 10 10zm-50-110h-30v30c0 5.523-4.477 10-10 10s-10-4.477-10-10v-40c0-5.523 4.477-10 10-10h40c5.523 0 10 4.477 10 10s-4.477 10-10 10zm-40 140c5.523 0 10 4.478 10 10v30h30c5.523 0 10 4.478 10 10s-4.477 10-10 10h-40c-5.523 0-10-4.478-10-10v-40c0-5.522 4.477-10 10-10zm210-100c-5.522 0-10-4.477-10-10v-30h-30c-5.522 0-10-4.477-10-10s4.478-10 10-10h40c5.522 0 10 4.477 10 10v40c0 5.523-4.478 10-10 10zm10 110v40c0 5.522-4.478 10-10 10h-40c-5.522 0-10-4.478-10-10s4.478-10 10-10h30v-30c0-5.522 4.478-10 10-10s10 4.478 10 10zm-50-130c5.522 0 10 4.477 10 10v40c0 5.523-4.478 10-10 10h-40c-5.522 0-10-4.477-10-10v-40c0-5.523 4.478-10 10-10zm-40 80h40c5.522 0 10 4.478 10 10v40c0 5.522-4.478 10-10 10h-40c-5.522 0-10-4.478-10-10v-40c0-5.522 4.478-10 10-10zm110-185h-270v-40c0-11.028 8.972-20 20-20h230c11.028 0 20 8.972 20 20z\"><\/path><path d=\"m291 286h20v20h-20z\"><\/path><path d=\"m231 471h50c5.522 0 10-4.478 10-10s-4.478-10-10-10h-50c-5.523 0-10 4.478-10 10s4.477 10 10 10z\"><\/path><path d=\"m281 41h-50c-5.523 0-10 4.478-10 10s4.477 10 10 10h50c5.522 0 10-4.478 10-10s-4.478-10-10-10z\"><\/path><\/g><\/g><\/svg>\t\t\t\t\t\t<\/span>\n\t\t\t\t\t\t\t\t\t\t<span class=\"elementor-icon-list-text\">QR code and access data<\/span>\n\t\t\t\t\t\t\t\t\t<\/li>\n\t\t\t\t\t\t<\/ul>\n\t\t\t\t\t\t<\/div>\n\t\t\t\t<\/div>\n\t\t\t\t\t<\/div>\n\t\t<\/div>\n\t\t\t\t\t<\/div>\n\t\t<\/section>\n\t\t\t\t<section class=\"elementor-section elementor-top-section elementor-element elementor-element-0958572 elementor-section-boxed elementor-section-height-default elementor-section-height-default\" data-id=\"0958572\" data-element_type=\"section\" data-e-type=\"section\">\n\t\t\t\t\t\t<div class=\"elementor-container elementor-column-gap-default\">\n\t\t\t\t\t<div class=\"elementor-column elementor-col-100 elementor-top-column elementor-element elementor-element-85ed0f4\" data-id=\"85ed0f4\" data-element_type=\"column\" data-e-type=\"column\">\n\t\t\t<div class=\"elementor-widget-wrap elementor-element-populated\">\n\t\t\t\t\t\t<div class=\"elementor-element elementor-element-76a9844 elementor-widget elementor-widget-text-editor\" data-id=\"76a9844\" data-element_type=\"widget\" data-e-type=\"widget\" data-widget_type=\"text-editor.default\">\n\t\t\t\t<div class=\"elementor-widget-container\">\n\t\t\t\t\t\t\t\t\t<p><br \/><strong>WLAN name: 14HLG_Gast<\/strong><br \/><strong>Password: no password required<\/strong><\/p>\t\t\t\t\t\t\t\t<\/div>\n\t\t\t\t<\/div>\n\t\t\t\t<div class=\"elementor-element elementor-element-39b51cd elementor-widget elementor-widget-image\" data-id=\"39b51cd\" data-element_type=\"widget\" data-e-type=\"widget\" data-widget_type=\"image.default\">\n\t\t\t\t<div class=\"elementor-widget-container\">\n\t\t\t\t\t\t\t\t\t\t\t\t<figure class=\"wp-caption\">\n\t\t\t\t\t\t\t\t\t\t<img fetchpriority=\"high\" decoding=\"async\" width=\"300\" height=\"300\" src=\"https:\/\/14hl.gaeste-mappe.de\/wp-content\/uploads\/2026\/03\/QR-Code-WLAN.jpg\" class=\"attachment-large size-large wp-image-16531\" alt=\"\" srcset=\"https:\/\/14hl.gaeste-mappe.de\/wp-content\/uploads\/2026\/03\/QR-Code-WLAN.jpg 300w, https:\/\/14hl.gaeste-mappe.de\/wp-content\/uploads\/2026\/03\/QR-Code-WLAN-150x150.jpg 150w, https:\/\/14hl.gaeste-mappe.de\/wp-content\/uploads\/2026\/03\/QR-Code-WLAN-12x12.jpg 12w\" sizes=\"(max-width: 300px) 100vw, 300px\" \/>\t\t\t\t\t\t\t\t\t\t\t<figcaption class=\"widget-image-caption wp-caption-text\"><\/figcaption>\n\t\t\t\t\t\t\t\t\t\t<\/figure>\n\t\t\t\t\t\t\t\t\t<\/div>\n\t\t\t\t<\/div>\n\t\t\t\t\t<\/div>\n\t\t<\/div>\n\t\t\t\t\t<\/div>\n\t\t<\/section>\n\t\t\t\t<\/div>","protected":false},"excerpt":{"rendered":"<p>WLAN In unseren Gasth\u00e4usern haben Sie einen guten WLAN-Empfang. Einfach den QR-Code scannen und schon verbindet sich Ihr Smartphone mit unserem WLAN.\u00a0 Den QR-Code finden Sie auch auf dem Flyer in Ihrem Zimmer. F\u00fcr eine manuelle Auswahl des WLAN-Netzwerkes w\u00e4hlen Sie in Ihrem Smartphone, Tablet oder Notebook einfach das WLAN mit der unten aufgef\u00fchrten Bezeichnung [&hellip;]<\/p>\n","protected":false},"author":2,"featured_media":0,"parent":0,"menu_order":0,"comment_status":"closed","ping_status":"closed","template":"","meta":{"site-sidebar-layout":"no-sidebar","site-content-layout":"page-builder","ast-site-content-layout":"default","site-content-style":"default","site-sidebar-style":"default","ast-global-header-display":"","ast-banner-title-visibility":"","ast-main-header-display":"","ast-hfb-above-header-display":"","ast-hfb-below-header-display":"","ast-hfb-mobile-header-display":"","site-post-title":"disabled","ast-breadcrumbs-content":"","ast-featured-img":"disabled","footer-sml-layout":"","ast-disable-related-posts":"","theme-transparent-header-meta":"","adv-header-id-meta":"","stick-header-meta":"","header-above-stick-meta":"","header-main-stick-meta":"","header-below-stick-meta":"","astra-migrate-meta-layouts":"default","ast-page-background-enabled":"default","ast-page-background-meta":{"desktop":{"background-color":"var(--ast-global-color-4)","background-image":"","background-repeat":"repeat","background-position":"center center","background-size":"auto","background-attachment":"scroll","background-type":"","background-media":"","overlay-type":"","overlay-color":"","overlay-opacity":"","overlay-gradient":""},"tablet":{"background-color":"","background-image":"","background-repeat":"repeat","background-position":"center center","background-size":"auto","background-attachment":"scroll","background-type":"","background-media":"","overlay-type":"","overlay-color":"","overlay-opacity":"","overlay-gradient":""},"mobile":{"background-color":"","background-image":"","background-repeat":"repeat","background-position":"center center","background-size":"auto","background-attachment":"scroll","background-type":"","background-media":"","overlay-type":"","overlay-color":"","overlay-opacity":"","overlay-gradient":""}},"ast-content-background-meta":{"desktop":{"background-color":"var(--ast-global-color-5)","background-image":"","background-repeat":"repeat","background-position":"center center","background-size":"auto","background-attachment":"scroll","background-type":"","background-media":"","overlay-type":"","overlay-color":"","overlay-opacity":"","overlay-gradient":""},"tablet":{"background-color":"var(--ast-global-color-5)","background-image":"","background-repeat":"repeat","background-position":"center center","background-size":"auto","background-attachment":"scroll","background-type":"","background-media":"","overlay-type":"","overlay-color":"","overlay-opacity":"","overlay-gradient":""},"mobile":{"background-color":"var(--ast-global-color-5)","background-image":"","background-repeat":"repeat","background-position":"center center","background-size":"auto","background-attachment":"scroll","background-type":"","background-media":"","overlay-type":"","overlay-color":"","overlay-opacity":"","overlay-gradient":""}},"_jet_sm_ready_style":"","_jet_sm_style":"","_jet_sm_controls_values":"","_jet_sm_fonts_collection":"","_jet_sm_fonts_links":"","footnotes":""},"class_list":["post-355","page","type-page","status-publish","hentry"],"_links":{"self":[{"href":"https:\/\/14hl.gaeste-mappe.de\/en\/wp-json\/wp\/v2\/pages\/355","targetHints":{"allow":["GET"]}}],"collection":[{"href":"https:\/\/14hl.gaeste-mappe.de\/en\/wp-json\/wp\/v2\/pages"}],"about":[{"href":"https:\/\/14hl.gaeste-mappe.de\/en\/wp-json\/wp\/v2\/types\/page"}],"author":[{"embeddable":true,"href":"https:\/\/14hl.gaeste-mappe.de\/en\/wp-json\/wp\/v2\/users\/2"}],"replies":[{"embeddable":true,"href":"https:\/\/14hl.gaeste-mappe.de\/en\/wp-json\/wp\/v2\/comments?post=355"}],"version-history":[{"count":12,"href":"https:\/\/14hl.gaeste-mappe.de\/en\/wp-json\/wp\/v2\/pages\/355\/revisions"}],"predecessor-version":[{"id":16534,"href":"https:\/\/14hl.gaeste-mappe.de\/en\/wp-json\/wp\/v2\/pages\/355\/revisions\/16534"}],"wp:attachment":[{"href":"https:\/\/14hl.gaeste-mappe.de\/en\/wp-json\/wp\/v2\/media?parent=355"}],"curies":[{"name":"wp","href":"https:\/\/api.w.org\/{rel}","templated":true}]}}