{"id":5847,"date":"2023-03-24T14:34:35","date_gmt":"2023-03-24T14:34:35","guid":{"rendered":"https:\/\/gaestehaus-am-kurpark.gaeste-mappe.com\/?page_id=5847"},"modified":"2026-03-31T13:25:59","modified_gmt":"2026-03-31T13:25:59","slug":"follow-up-booking","status":"publish","type":"page","link":"https:\/\/14hl.gaeste-mappe.de\/en\/folgebuchung\/","title":{"rendered":"Booking"},"content":{"rendered":"<div data-elementor-type=\"wp-page\" data-elementor-id=\"5847\" class=\"elementor elementor-5847\" data-elementor-post-type=\"page\">\n\t\t\t\t\t\t<section class=\"elementor-section elementor-top-section elementor-element elementor-element-443884d5 elementor-section-boxed elementor-section-height-default elementor-section-height-default\" data-id=\"443884d5\" data-element_type=\"section\" data-e-type=\"section\" data-settings=\"{&quot;background_background&quot;:&quot;classic&quot;}\">\n\t\t\t\t\t\t<div class=\"elementor-container elementor-column-gap-default\">\n\t\t\t\t\t<div class=\"elementor-column elementor-col-100 elementor-top-column elementor-element elementor-element-60b55b26\" data-id=\"60b55b26\" data-element_type=\"column\" data-e-type=\"column\">\n\t\t\t<div class=\"elementor-widget-wrap elementor-element-populated\">\n\t\t\t\t\t\t<div class=\"elementor-element elementor-element-69562c60 kopf elementor-icon-list--layout-traditional elementor-list-item-link-full_width elementor-widget elementor-widget-icon-list\" data-id=\"69562c60\" data-element_type=\"widget\" data-e-type=\"widget\" data-widget_type=\"icon-list.default\">\n\t\t\t\t<div class=\"elementor-widget-container\">\n\t\t\t\t\t\t\t<ul class=\"elementor-icon-list-items\">\n\t\t\t\t\t\t\t<li class=\"elementor-icon-list-item\">\n\t\t\t\t\t\t\t\t\t\t\t<span class=\"elementor-icon-list-icon\">\n\t\t\t\t\t\t\t<svg xmlns=\"http:\/\/www.w3.org\/2000\/svg\" id=\"Layer_1\" height=\"512\" viewbox=\"0 0 34 34\" width=\"512\"><g><path d=\"m29.6 2h-3v3c0 .6-.5 1-1 1s-1-.4-1-1v-3h-16v3c0 .6-.5 1-1 1s-1-.4-1-1v-3h-3c-1.5 0-2.6 1.3-2.6 3v3.6h32v-3.6c0-1.7-1.8-3-3.4-3zm-28.6 8.7v18.3c0 1.8 1.1 3 2.7 3h26c1.6 0 3.4-1.3 3.4-3v-18.3zm8.9 16.8h-2.4c-.4 0-.8-.3-.8-.8v-2.5c0-.4.3-.8.8-.8h2.5c.4 0 .8.3.8.8v2.5c-.1.5-.4.8-.9.8zm0-9h-2.4c-.4 0-.8-.3-.8-.8v-2.5c0-.4.3-.8.8-.8h2.5c.4 0 .8.3.8.8v2.5c-.1.5-.4.8-.9.8zm8 9h-2.5c-.4 0-.8-.3-.8-.8v-2.5c0-.4.3-.8.8-.8h2.5c.4 0 .8.3.8.8v2.5c0 .5-.3.8-.8.8zm0-9h-2.5c-.4 0-.8-.3-.8-.8v-2.5c0-.4.3-.8.8-.8h2.5c.4 0 .8.3.8.8v2.5c0 .5-.3.8-.8.8zm8 9h-2.5c-.4 0-.8-.3-.8-.8v-2.5c0-.4.3-.8.8-.8h2.5c.4 0 .8.3.8.8v2.5c0 .5-.3.8-.8.8zm0-9h-2.5c-.4 0-.8-.3-.8-.8v-2.5c0-.4.3-.8.8-.8h2.5c.4 0 .8.3.8.8v2.5c0 .5-.3.8-.8.8z\"><\/path><\/g><\/svg>\t\t\t\t\t\t<\/span>\n\t\t\t\t\t\t\t\t\t\t<span class=\"elementor-icon-list-text\">Booking<\/span>\n\t\t\t\t\t\t\t\t\t<\/li>\n\t\t\t\t\t\t<\/ul>\n\t\t\t\t\t\t<\/div>\n\t\t\t\t<\/div>\n\t\t\t\t\t<\/div>\n\t\t<\/div>\n\t\t\t\t\t<\/div>\n\t\t<\/section>\n\t\t<div class=\"elementor-element elementor-element-51ee81b e-flex e-con-boxed e-con e-parent\" data-id=\"51ee81b\" data-element_type=\"container\" data-e-type=\"container\">\n\t\t\t\t\t<div class=\"e-con-inner\">\n\t\t<div class=\"elementor-element elementor-element-4819b61 e-con-full e-flex e-con e-child\" data-id=\"4819b61\" data-element_type=\"container\" data-e-type=\"container\">\n\t\t\t\t<div class=\"elementor-element elementor-element-df70f46 elementor-widget elementor-widget-image\" data-id=\"df70f46\" data-element_type=\"widget\" data-e-type=\"widget\" data-widget_type=\"image.default\">\n\t\t\t\t<div class=\"elementor-widget-container\">\n\t\t\t\t\t\t\t\t\t\t\t\t\t\t\t<img fetchpriority=\"high\" decoding=\"async\" width=\"320\" height=\"213\" src=\"https:\/\/14hl.gaeste-mappe.de\/wp-content\/uploads\/2026\/03\/zweibettzimmer-komfort.jpg\" class=\"attachment-full size-full wp-image-17414\" alt=\"\" srcset=\"https:\/\/14hl.gaeste-mappe.de\/wp-content\/uploads\/2026\/03\/zweibettzimmer-komfort.jpg 320w, https:\/\/14hl.gaeste-mappe.de\/wp-content\/uploads\/2026\/03\/zweibettzimmer-komfort-300x200.jpg 300w, https:\/\/14hl.gaeste-mappe.de\/wp-content\/uploads\/2026\/03\/zweibettzimmer-komfort-18x12.jpg 18w\" sizes=\"(max-width: 320px) 100vw, 320px\" \/>\t\t\t\t\t\t\t\t\t\t\t\t\t\t\t<\/div>\n\t\t\t\t<\/div>\n\t\t\t\t<\/div>\n\t\t<div class=\"elementor-element elementor-element-42fae40 e-con-full e-flex e-con e-child\" data-id=\"42fae40\" data-element_type=\"container\" data-e-type=\"container\">\n\t\t\t\t<div class=\"elementor-element elementor-element-9f346ce elementor-widget elementor-widget-image\" data-id=\"9f346ce\" data-element_type=\"widget\" data-e-type=\"widget\" data-widget_type=\"image.default\">\n\t\t\t\t<div class=\"elementor-widget-container\">\n\t\t\t\t\t\t\t\t\t\t\t\t\t\t\t<img decoding=\"async\" width=\"640\" height=\"426\" src=\"https:\/\/14hl.gaeste-mappe.de\/wp-content\/uploads\/2026\/03\/familienzimmer-komfort-plus.jpg\" class=\"attachment-full size-full wp-image-17413\" alt=\"\" srcset=\"https:\/\/14hl.gaeste-mappe.de\/wp-content\/uploads\/2026\/03\/familienzimmer-komfort-plus.jpg 640w, https:\/\/14hl.gaeste-mappe.de\/wp-content\/uploads\/2026\/03\/familienzimmer-komfort-plus-300x200.jpg 300w, https:\/\/14hl.gaeste-mappe.de\/wp-content\/uploads\/2026\/03\/familienzimmer-komfort-plus-18x12.jpg 18w\" sizes=\"(max-width: 640px) 100vw, 640px\" \/>\t\t\t\t\t\t\t\t\t\t\t\t\t\t\t<\/div>\n\t\t\t\t<\/div>\n\t\t\t\t<\/div>\n\t\t<div class=\"elementor-element elementor-element-4298b2e e-con-full e-flex e-con e-child\" data-id=\"4298b2e\" data-element_type=\"container\" data-e-type=\"container\">\n\t\t\t\t<div class=\"elementor-element elementor-element-c6177dc elementor-widget elementor-widget-image\" data-id=\"c6177dc\" data-element_type=\"widget\" data-e-type=\"widget\" data-widget_type=\"image.default\">\n\t\t\t\t<div class=\"elementor-widget-container\">\n\t\t\t\t\t\t\t\t\t\t\t\t\t\t\t<img decoding=\"async\" width=\"640\" height=\"426\" src=\"https:\/\/14hl.gaeste-mappe.de\/wp-content\/uploads\/2026\/03\/zweibettzimmer-Pilger.jpg\" class=\"attachment-full size-full wp-image-17415\" alt=\"\" srcset=\"https:\/\/14hl.gaeste-mappe.de\/wp-content\/uploads\/2026\/03\/zweibettzimmer-Pilger.jpg 640w, https:\/\/14hl.gaeste-mappe.de\/wp-content\/uploads\/2026\/03\/zweibettzimmer-Pilger-300x200.jpg 300w, https:\/\/14hl.gaeste-mappe.de\/wp-content\/uploads\/2026\/03\/zweibettzimmer-Pilger-18x12.jpg 18w\" sizes=\"(max-width: 640px) 100vw, 640px\" \/>\t\t\t\t\t\t\t\t\t\t\t\t\t\t\t<\/div>\n\t\t\t\t<\/div>\n\t\t\t\t<\/div>\n\t\t<div class=\"elementor-element elementor-element-3b420b2 e-con-full e-flex e-con e-child\" data-id=\"3b420b2\" data-element_type=\"container\" data-e-type=\"container\">\n\t\t\t\t<div class=\"elementor-element elementor-element-3b4a900 elementor-widget elementor-widget-image\" data-id=\"3b4a900\" data-element_type=\"widget\" data-e-type=\"widget\" data-widget_type=\"image.default\">\n\t\t\t\t<div class=\"elementor-widget-container\">\n\t\t\t\t\t\t\t\t\t\t\t\t\t\t\t<img loading=\"lazy\" decoding=\"async\" width=\"640\" height=\"426\" src=\"https:\/\/14hl.gaeste-mappe.de\/wp-content\/uploads\/2026\/03\/3-Bettzimmer-Pilger.jpg\" class=\"attachment-full size-full wp-image-17411\" alt=\"\" srcset=\"https:\/\/14hl.gaeste-mappe.de\/wp-content\/uploads\/2026\/03\/3-Bettzimmer-Pilger.jpg 640w, https:\/\/14hl.gaeste-mappe.de\/wp-content\/uploads\/2026\/03\/3-Bettzimmer-Pilger-300x200.jpg 300w, https:\/\/14hl.gaeste-mappe.de\/wp-content\/uploads\/2026\/03\/3-Bettzimmer-Pilger-18x12.jpg 18w\" sizes=\"(max-width: 640px) 100vw, 640px\" \/>\t\t\t\t\t\t\t\t\t\t\t\t\t\t\t<\/div>\n\t\t\t\t<\/div>\n\t\t\t\t<\/div>\n\t\t\t\t\t<\/div>\n\t\t\t\t<\/div>\n\t\t\t\t<section class=\"elementor-section elementor-top-section elementor-element elementor-element-4d8274a4 elementor-section-boxed elementor-section-height-default elementor-section-height-default\" data-id=\"4d8274a4\" data-element_type=\"section\" data-e-type=\"section\">\n\t\t\t\t\t\t<div class=\"elementor-container elementor-column-gap-default\">\n\t\t\t\t\t<div class=\"elementor-column elementor-col-100 elementor-top-column elementor-element elementor-element-661cce8e\" data-id=\"661cce8e\" data-element_type=\"column\" data-e-type=\"column\">\n\t\t\t<div class=\"elementor-widget-wrap elementor-element-populated\">\n\t\t\t\t\t\t<div class=\"elementor-element elementor-element-17e746f elementor-icon-list--layout-traditional elementor-list-item-link-full_width elementor-widget elementor-widget-icon-list\" data-id=\"17e746f\" data-element_type=\"widget\" data-e-type=\"widget\" data-widget_type=\"icon-list.default\">\n\t\t\t\t<div class=\"elementor-widget-container\">\n\t\t\t\t\t\t\t<ul class=\"elementor-icon-list-items\">\n\t\t\t\t\t\t\t<li class=\"elementor-icon-list-item\">\n\t\t\t\t\t\t\t\t\t\t\t<span class=\"elementor-icon-list-icon\">\n\t\t\t\t\t\t\t<i aria-hidden=\"true\" class=\"fas fa-calendar-alt\"><\/i>\t\t\t\t\t\t<\/span>\n\t\t\t\t\t\t\t\t\t\t<span class=\"elementor-icon-list-text\">We look forward to welcoming you again!<\/span>\n\t\t\t\t\t\t\t\t\t<\/li>\n\t\t\t\t\t\t<\/ul>\n\t\t\t\t\t\t<\/div>\n\t\t\t\t<\/div>\n\t\t\t\t\t<\/div>\n\t\t<\/div>\n\t\t\t\t\t<\/div>\n\t\t<\/section>\n\t\t\t\t<section class=\"elementor-section elementor-top-section elementor-element elementor-element-22a56660 elementor-section-boxed elementor-section-height-default elementor-section-height-default\" data-id=\"22a56660\" data-element_type=\"section\" data-e-type=\"section\">\n\t\t\t\t\t\t<div class=\"elementor-container elementor-column-gap-default\">\n\t\t\t\t\t<div class=\"elementor-column elementor-col-100 elementor-top-column elementor-element elementor-element-52edeb8d\" data-id=\"52edeb8d\" data-element_type=\"column\" data-e-type=\"column\">\n\t\t\t<div class=\"elementor-widget-wrap elementor-element-populated\">\n\t\t\t\t\t\t<div class=\"elementor-element elementor-element-45822f76 elementor-widget elementor-widget-text-editor\" data-id=\"45822f76\" data-element_type=\"widget\" data-e-type=\"widget\" data-widget_type=\"text-editor.default\">\n\t\t\t\t<div class=\"elementor-widget-container\">\n\t\t\t\t\t\t\t\t\t<p>If you enjoyed your stay with us and wish to make a repeat booking, you can do so easily through our website.<\/p><p>There you will also find our current occupancy calendar, which gives you an overview of available rooms and dates. Plan early to take advantage of the largest selection and secure your favourite room.<\/p><p>We look forward to your next visit!<\/p>\t\t\t\t\t\t\t\t<\/div>\n\t\t\t\t<\/div>\n\t\t\t\t<div class=\"elementor-element elementor-element-f932f66 elementor-align-justify elementor-widget__width-initial elementor-widget elementor-widget-button\" data-id=\"f932f66\" data-element_type=\"widget\" data-e-type=\"widget\" data-widget_type=\"button.default\">\n\t\t\t\t<div class=\"elementor-widget-container\">\n\t\t\t\t\t\t\t\t\t<div class=\"elementor-button-wrapper\">\n\t\t\t\t\t<a class=\"elementor-button elementor-button-link elementor-size-sm\" href=\"https:\/\/booking.sihot.com\/SIHOTWebBookingBistumBamberg\/client\/?HN=1\" target=\"_blank\" rel=\"noopener\">\n\t\t\t\t\t\t<span class=\"elementor-button-content-wrapper\">\n\t\t\t\t\t\t\t\t\t<span class=\"elementor-button-text\">Book now<\/span>\n\t\t\t\t\t<\/span>\n\t\t\t\t\t<\/a>\n\t\t\t\t<\/div>\n\t\t\t\t\t\t\t\t<\/div>\n\t\t\t\t<\/div>\n\t\t\t\t\t<\/div>\n\t\t<\/div>\n\t\t\t\t\t<\/div>\n\t\t<\/section>\n\t\t\t\t<\/div>","protected":false},"excerpt":{"rendered":"<p>Folgebuchung Wir freuen uns, Sie wieder bei uns begr\u00fc\u00dfen zu d\u00fcrfen! Wenn Sie Ihren Aufenthalt bei uns genossen haben und eine erneute Buchung vornehmen m\u00f6chten, k\u00f6nnen Sie dies ganz einfach \u00fcber unsere Webseite tun. Dort finden Sie auch unseren aktuellen Belegungskalender, der Ihnen eine \u00dcbersicht \u00fcber verf\u00fcgbare Zimmer und Termine bietet. Planen Sie fr\u00fchzeitig, um [&hellip;]<\/p>\n","protected":false},"author":2,"featured_media":0,"parent":0,"menu_order":0,"comment_status":"closed","ping_status":"closed","template":"","meta":{"site-sidebar-layout":"no-sidebar","site-content-layout":"page-builder","ast-site-content-layout":"default","site-content-style":"default","site-sidebar-style":"default","ast-global-header-display":"","ast-banner-title-visibility":"","ast-main-header-display":"","ast-hfb-above-header-display":"","ast-hfb-below-header-display":"","ast-hfb-mobile-header-display":"","site-post-title":"disabled","ast-breadcrumbs-content":"","ast-featured-img":"disabled","footer-sml-layout":"","ast-disable-related-posts":"","theme-transparent-header-meta":"","adv-header-id-meta":"","stick-header-meta":"","header-above-stick-meta":"","header-main-stick-meta":"","header-below-stick-meta":"","astra-migrate-meta-layouts":"default","ast-page-background-enabled":"default","ast-page-background-meta":{"desktop":{"background-color":"var(--ast-global-color-4)","background-image":"","background-repeat":"repeat","background-position":"center center","background-size":"auto","background-attachment":"scroll","background-type":"","background-media":"","overlay-type":"","overlay-color":"","overlay-opacity":"","overlay-gradient":""},"tablet":{"background-color":"","background-image":"","background-repeat":"repeat","background-position":"center center","background-size":"auto","background-attachment":"scroll","background-type":"","background-media":"","overlay-type":"","overlay-color":"","overlay-opacity":"","overlay-gradient":""},"mobile":{"background-color":"","background-image":"","background-repeat":"repeat","background-position":"center center","background-size":"auto","background-attachment":"scroll","background-type":"","background-media":"","overlay-type":"","overlay-color":"","overlay-opacity":"","overlay-gradient":""}},"ast-content-background-meta":{"desktop":{"background-color":"var(--ast-global-color-5)","background-image":"","background-repeat":"repeat","background-position":"center center","background-size":"auto","background-attachment":"scroll","background-type":"","background-media":"","overlay-type":"","overlay-color":"","overlay-opacity":"","overlay-gradient":""},"tablet":{"background-color":"var(--ast-global-color-5)","background-image":"","background-repeat":"repeat","background-position":"center center","background-size":"auto","background-attachment":"scroll","background-type":"","background-media":"","overlay-type":"","overlay-color":"","overlay-opacity":"","overlay-gradient":""},"mobile":{"background-color":"var(--ast-global-color-5)","background-image":"","background-repeat":"repeat","background-position":"center center","background-size":"auto","background-attachment":"scroll","background-type":"","background-media":"","overlay-type":"","overlay-color":"","overlay-opacity":"","overlay-gradient":""}},"_jet_sm_ready_style":"","_jet_sm_style":"","_jet_sm_controls_values":"","_jet_sm_fonts_collection":"","_jet_sm_fonts_links":"","footnotes":""},"class_list":["post-5847","page","type-page","status-publish","hentry"],"_links":{"self":[{"href":"https:\/\/14hl.gaeste-mappe.de\/en\/wp-json\/wp\/v2\/pages\/5847","targetHints":{"allow":["GET"]}}],"collection":[{"href":"https:\/\/14hl.gaeste-mappe.de\/en\/wp-json\/wp\/v2\/pages"}],"about":[{"href":"https:\/\/14hl.gaeste-mappe.de\/en\/wp-json\/wp\/v2\/types\/page"}],"author":[{"embeddable":true,"href":"https:\/\/14hl.gaeste-mappe.de\/en\/wp-json\/wp\/v2\/users\/2"}],"replies":[{"embeddable":true,"href":"https:\/\/14hl.gaeste-mappe.de\/en\/wp-json\/wp\/v2\/comments?post=5847"}],"version-history":[{"count":24,"href":"https:\/\/14hl.gaeste-mappe.de\/en\/wp-json\/wp\/v2\/pages\/5847\/revisions"}],"predecessor-version":[{"id":17422,"href":"https:\/\/14hl.gaeste-mappe.de\/en\/wp-json\/wp\/v2\/pages\/5847\/revisions\/17422"}],"wp:attachment":[{"href":"https:\/\/14hl.gaeste-mappe.de\/en\/wp-json\/wp\/v2\/media?parent=5847"}],"curies":[{"name":"wp","href":"https:\/\/api.w.org\/{rel}","templated":true}]}}