{"id":6613,"date":"2023-05-27T13:20:47","date_gmt":"2023-05-27T13:20:47","guid":{"rendered":"https:\/\/naturliebeharz.gaeste-mappe.com\/?page_id=6613"},"modified":"2026-04-26T14:37:29","modified_gmt":"2026-04-26T14:37:29","slug":"bike-tours","status":"publish","type":"page","link":"https:\/\/14hl.gaeste-mappe.de\/en\/fahrradtouren\/","title":{"rendered":"Bike tours"},"content":{"rendered":"<div data-elementor-type=\"wp-page\" data-elementor-id=\"6613\" class=\"elementor elementor-6613\" data-elementor-post-type=\"page\">\n\t\t\t\t\t\t<section class=\"elementor-section elementor-top-section elementor-element elementor-element-56542d35 elementor-section-boxed elementor-section-height-default elementor-section-height-default\" data-id=\"56542d35\" data-element_type=\"section\" data-e-type=\"section\" data-settings=\"{&quot;background_background&quot;:&quot;classic&quot;}\">\n\t\t\t\t\t\t<div class=\"elementor-container elementor-column-gap-default\">\n\t\t\t\t\t<div class=\"elementor-column elementor-col-100 elementor-top-column elementor-element elementor-element-7948b7df\" data-id=\"7948b7df\" data-element_type=\"column\" data-e-type=\"column\">\n\t\t\t<div class=\"elementor-widget-wrap elementor-element-populated\">\n\t\t\t\t\t\t<div class=\"elementor-element elementor-element-6dc74b20 kopf elementor-icon-list--layout-traditional elementor-list-item-link-full_width elementor-widget elementor-widget-icon-list\" data-id=\"6dc74b20\" data-element_type=\"widget\" data-e-type=\"widget\" data-widget_type=\"icon-list.default\">\n\t\t\t\t<div class=\"elementor-widget-container\">\n\t\t\t\t\t\t\t<ul class=\"elementor-icon-list-items\">\n\t\t\t\t\t\t\t<li class=\"elementor-icon-list-item\">\n\t\t\t\t\t\t\t\t\t\t\t<span class=\"elementor-icon-list-icon\">\n\t\t\t\t\t\t\t<svg xmlns=\"http:\/\/www.w3.org\/2000\/svg\" id=\"Layer_3\" data-name=\"Layer 3\" viewbox=\"0 0 64 64\" width=\"512\" height=\"512\"><path d=\"M51,27a10.965,10.965,0,0,0-3.538.592L48.917,34.5l2.79,2.79-1.414,1.414-3-3a1.008,1.008,0,0,1-.272-.5l-1.427-6.78A10.992,10.992,0,1,0,51,27Z\"><\/path><path d=\"M23.95,37a10.958,10.958,0,0,0-3.066-6.662L15.174,37Z\"><\/path><path d=\"M12.091,38.418a1,1,0,0,1,.15-1.069l7.123-8.31A10.995,10.995,0,1,0,23.95,39H13A1,1,0,0,1,12.091,38.418Z\"><\/path><path d=\"M28.161,40.354,27.279,43H25v2h5V43h-.612l.668-2.006C30.037,41,30.019,41,30,41A2.949,2.949,0,0,1,28.161,40.354Z\"><\/path><path d=\"M45.232,17h5.1a1.667,1.667,0,0,1,1,3L48.4,22.2l1.2,1.6,2.933-2.2a3.667,3.667,0,0,0-2.2-6.6H44a1,1,0,0,0-.979,1.206L44.452,23H26V19.5a4.735,4.735,0,0,1,2.118-.5H30V17a2,2,0,0,0-2-2H22.121a2.121,2.121,0,0,0-1.5,3.621l.048.048A4.545,4.545,0,0,0,23.882,20c.04,0,.079-.006.118-.007V23.63l-4.636,5.409a11.022,11.022,0,0,1,1.52,1.3l3.754-4.379,3.474,9.727A2.983,2.983,0,0,0,27.184,37H23.95c.029.33.05.662.05,1s-.021.67-.05,1h3.234a3.018,3.018,0,0,0,.977,1.354l.89-2.67,1.9.632-.893,2.678a2.991,2.991,0,0,0,2.694-4.188L45.1,26.1l.49,2.326a11,11,0,0,1,1.868-.834ZM31.377,35.35A2.964,2.964,0,0,0,30,35h-.009L26.419,25h16.9Z\"><\/path><\/svg>\t\t\t\t\t\t<\/span>\n\t\t\t\t\t\t\t\t\t\t<span class=\"elementor-icon-list-text\">Bike tours<\/span>\n\t\t\t\t\t\t\t\t\t<\/li>\n\t\t\t\t\t\t<\/ul>\n\t\t\t\t\t\t<\/div>\n\t\t\t\t<\/div>\n\t\t\t\t\t<\/div>\n\t\t<\/div>\n\t\t\t\t\t<\/div>\n\t\t<\/section>\n\t\t\t\t<section class=\"elementor-section elementor-top-section elementor-element elementor-element-59415ac5 elementor-section-boxed elementor-section-height-default elementor-section-height-default\" data-id=\"59415ac5\" data-element_type=\"section\" data-e-type=\"section\">\n\t\t\t\t\t\t<div class=\"elementor-container elementor-column-gap-default\">\n\t\t\t\t\t<div class=\"elementor-column elementor-col-100 elementor-top-column elementor-element elementor-element-eaa09a2\" data-id=\"eaa09a2\" data-element_type=\"column\" data-e-type=\"column\">\n\t\t\t<div class=\"elementor-widget-wrap elementor-element-populated\">\n\t\t\t\t\t\t<div class=\"elementor-element elementor-element-163789d6 elementor-icon-list--layout-traditional elementor-list-item-link-full_width elementor-widget elementor-widget-icon-list\" data-id=\"163789d6\" data-element_type=\"widget\" data-e-type=\"widget\" data-widget_type=\"icon-list.default\">\n\t\t\t\t<div class=\"elementor-widget-container\">\n\t\t\t\t\t\t\t<ul class=\"elementor-icon-list-items\">\n\t\t\t\t\t\t\t<li class=\"elementor-icon-list-item\">\n\t\t\t\t\t\t\t\t\t\t<span class=\"elementor-icon-list-text\">Cycling tours around Bad Staffelstein<\/span>\n\t\t\t\t\t\t\t\t\t<\/li>\n\t\t\t\t\t\t<\/ul>\n\t\t\t\t\t\t<\/div>\n\t\t\t\t<\/div>\n\t\t\t\t\t<\/div>\n\t\t<\/div>\n\t\t\t\t\t<\/div>\n\t\t<\/section>\n\t\t\t\t<section class=\"elementor-section elementor-top-section elementor-element elementor-element-595f7061 elementor-section-boxed elementor-section-height-default elementor-section-height-default\" data-id=\"595f7061\" data-element_type=\"section\" data-e-type=\"section\">\n\t\t\t\t\t\t<div class=\"elementor-container elementor-column-gap-default\">\n\t\t\t\t\t<div class=\"elementor-column elementor-col-100 elementor-top-column elementor-element elementor-element-3bf89f38\" data-id=\"3bf89f38\" data-element_type=\"column\" data-e-type=\"column\">\n\t\t\t<div class=\"elementor-widget-wrap elementor-element-populated\">\n\t\t\t\t\t\t<div class=\"elementor-element elementor-element-3a53f639 elementor-widget elementor-widget-text-editor\" data-id=\"3a53f639\" data-element_type=\"widget\" data-e-type=\"widget\" data-widget_type=\"text-editor.default\">\n\t\t\t\t<div class=\"elementor-widget-container\">\n\t\t\t\t\t\t\t\t\t<p>The region around Bad Staffelstein offers ideal conditions for varied cycling tours. Nestled in the charming landscape of the Obermain Jura, you can expect well-maintained paths, impressive views, and numerous opportunities for relaxed or sporty tours.<\/p><p>Whether along the Main, through idyllic valleys, or up to scenic plateaus \u2013 the choice of routes is diverse and offers a suitable trail for every level. From leisurely pleasure routes to more demanding tours, there's something for every cyclist.<\/p><p>On the following pages, you will find a wide selection of tour suggestions, detailed descriptions, as well as helpful maps and tips for your next cycling tour in the region.<\/p><p><em>The following images will take you directly to the respective tour overviews with a single click.<\/em><\/p>\t\t\t\t\t\t\t\t<\/div>\n\t\t\t\t<\/div>\n\t\t\t\t\t<\/div>\n\t\t<\/div>\n\t\t\t\t\t<\/div>\n\t\t<\/section>\n\t\t<div class=\"elementor-element elementor-element-0b6fd4a e-flex e-con-boxed e-con e-parent\" data-id=\"0b6fd4a\" data-element_type=\"container\" data-e-type=\"container\">\n\t\t\t\t\t<div class=\"e-con-inner\">\n\t\t<div class=\"elementor-element elementor-element-32de0ab e-con-full e-flex e-con e-child\" data-id=\"32de0ab\" data-element_type=\"container\" data-e-type=\"container\">\n\t\t\t\t<div class=\"elementor-element elementor-element-f7baa25 elementor-widget elementor-widget-image\" data-id=\"f7baa25\" data-element_type=\"widget\" data-e-type=\"widget\" data-widget_type=\"image.default\">\n\t\t\t\t<div class=\"elementor-widget-container\">\n\t\t\t\t\t\t\t\t\t\t\t\t<figure class=\"wp-caption\">\n\t\t\t\t\t\t\t\t\t\t\t<a href=\"https:\/\/obermain-jura.de\/bikeregion\/\" target=\"_blank\" rel=\"noopener\">\n\t\t\t\t\t\t\t<img fetchpriority=\"high\" decoding=\"async\" width=\"800\" height=\"461\" src=\"https:\/\/14hl.gaeste-mappe.de\/wp-content\/uploads\/2026\/04\/Bike-Obermain-Jura.jpg\" class=\"attachment-large size-large wp-image-17853\" alt=\"\" srcset=\"https:\/\/14hl.gaeste-mappe.de\/wp-content\/uploads\/2026\/04\/Bike-Obermain-Jura.jpg 800w, https:\/\/14hl.gaeste-mappe.de\/wp-content\/uploads\/2026\/04\/Bike-Obermain-Jura-300x173.jpg 300w, https:\/\/14hl.gaeste-mappe.de\/wp-content\/uploads\/2026\/04\/Bike-Obermain-Jura-768x443.jpg 768w, https:\/\/14hl.gaeste-mappe.de\/wp-content\/uploads\/2026\/04\/Bike-Obermain-Jura-18x10.jpg 18w\" sizes=\"(max-width: 800px) 100vw, 800px\" \/>\t\t\t\t\t\t\t\t<\/a>\n\t\t\t\t\t\t\t\t\t\t\t<figcaption class=\"widget-image-caption wp-caption-text\">Routes on Obermain-Jura.de<\/figcaption>\n\t\t\t\t\t\t\t\t\t\t<\/figure>\n\t\t\t\t\t\t\t\t\t<\/div>\n\t\t\t\t<\/div>\n\t\t\t\t<\/div>\n\t\t<div class=\"elementor-element elementor-element-b331a13 e-con-full e-flex e-con e-child\" data-id=\"b331a13\" data-element_type=\"container\" data-e-type=\"container\">\n\t\t\t\t<div class=\"elementor-element elementor-element-82b2cd7 elementor-widget elementor-widget-image\" data-id=\"82b2cd7\" data-element_type=\"widget\" data-e-type=\"widget\" data-widget_type=\"image.default\">\n\t\t\t\t<div class=\"elementor-widget-container\">\n\t\t\t\t\t\t\t\t\t\t\t\t<figure class=\"wp-caption\">\n\t\t\t\t\t\t\t\t\t\t\t<a href=\"https:\/\/bad-staffelstein.de\/de\/tourismus\/freizeit\/fahrrad\/\" target=\"_blank\" rel=\"noopener\">\n\t\t\t\t\t\t\t<img decoding=\"async\" width=\"800\" height=\"461\" src=\"https:\/\/14hl.gaeste-mappe.de\/wp-content\/uploads\/2026\/04\/Bike-Bad-Staffelstein.jpg\" class=\"attachment-large size-large wp-image-17852\" alt=\"\" srcset=\"https:\/\/14hl.gaeste-mappe.de\/wp-content\/uploads\/2026\/04\/Bike-Bad-Staffelstein.jpg 800w, https:\/\/14hl.gaeste-mappe.de\/wp-content\/uploads\/2026\/04\/Bike-Bad-Staffelstein-300x173.jpg 300w, https:\/\/14hl.gaeste-mappe.de\/wp-content\/uploads\/2026\/04\/Bike-Bad-Staffelstein-768x443.jpg 768w, https:\/\/14hl.gaeste-mappe.de\/wp-content\/uploads\/2026\/04\/Bike-Bad-Staffelstein-18x10.jpg 18w\" sizes=\"(max-width: 800px) 100vw, 800px\" \/>\t\t\t\t\t\t\t\t<\/a>\n\t\t\t\t\t\t\t\t\t\t\t<figcaption class=\"widget-image-caption wp-caption-text\">Routes on Bad-Staffelstein.de<\/figcaption>\n\t\t\t\t\t\t\t\t\t\t<\/figure>\n\t\t\t\t\t\t\t\t\t<\/div>\n\t\t\t\t<\/div>\n\t\t\t\t<\/div>\n\t\t<div class=\"elementor-element elementor-element-3c58fb3 e-con-full e-flex e-con e-child\" data-id=\"3c58fb3\" data-element_type=\"container\" data-e-type=\"container\">\n\t\t\t\t<div class=\"elementor-element elementor-element-d256b7f elementor-widget elementor-widget-image\" data-id=\"d256b7f\" data-element_type=\"widget\" data-e-type=\"widget\" data-widget_type=\"image.default\">\n\t\t\t\t<div class=\"elementor-widget-container\">\n\t\t\t\t\t\t\t\t\t\t\t\t<figure class=\"wp-caption\">\n\t\t\t\t\t\t\t\t\t\t\t<a href=\"https:\/\/www.komoot.com\/de-de\/guide\/2490\/radtouren-rund-um-bad-staffelstein\" target=\"_blank\" rel=\"noopener\">\n\t\t\t\t\t\t\t<img decoding=\"async\" width=\"800\" height=\"461\" src=\"https:\/\/14hl.gaeste-mappe.de\/wp-content\/uploads\/2026\/04\/fahrradrouten-komoot.jpg\" class=\"attachment-large size-large wp-image-17854\" alt=\"\" srcset=\"https:\/\/14hl.gaeste-mappe.de\/wp-content\/uploads\/2026\/04\/fahrradrouten-komoot.jpg 800w, https:\/\/14hl.gaeste-mappe.de\/wp-content\/uploads\/2026\/04\/fahrradrouten-komoot-300x173.jpg 300w, https:\/\/14hl.gaeste-mappe.de\/wp-content\/uploads\/2026\/04\/fahrradrouten-komoot-768x443.jpg 768w, https:\/\/14hl.gaeste-mappe.de\/wp-content\/uploads\/2026\/04\/fahrradrouten-komoot-18x10.jpg 18w\" sizes=\"(max-width: 800px) 100vw, 800px\" \/>\t\t\t\t\t\t\t\t<\/a>\n\t\t\t\t\t\t\t\t\t\t\t<figcaption class=\"widget-image-caption wp-caption-text\">Routes on Komoot.com<\/figcaption>\n\t\t\t\t\t\t\t\t\t\t<\/figure>\n\t\t\t\t\t\t\t\t\t<\/div>\n\t\t\t\t<\/div>\n\t\t\t\t<\/div>\n\t\t\t\t\t<\/div>\n\t\t\t\t<\/div>\n\t\t\t\t<section class=\"elementor-section elementor-top-section elementor-element elementor-element-25cff33 elementor-section-boxed elementor-section-height-default elementor-section-height-default\" data-id=\"25cff33\" data-element_type=\"section\" data-e-type=\"section\">\n\t\t\t\t\t\t<div class=\"elementor-container elementor-column-gap-default\">\n\t\t\t\t\t<div class=\"elementor-column elementor-col-100 elementor-top-column elementor-element elementor-element-5a0b0d9\" data-id=\"5a0b0d9\" data-element_type=\"column\" data-e-type=\"column\">\n\t\t\t<div class=\"elementor-widget-wrap elementor-element-populated\">\n\t\t\t\t\t\t<div class=\"elementor-element elementor-element-cc94533 elementor-icon-list--layout-traditional elementor-list-item-link-full_width elementor-widget elementor-widget-icon-list\" data-id=\"cc94533\" data-element_type=\"widget\" data-e-type=\"widget\" data-widget_type=\"icon-list.default\">\n\t\t\t\t<div class=\"elementor-widget-container\">\n\t\t\t\t\t\t\t<ul class=\"elementor-icon-list-items\">\n\t\t\t\t\t\t\t<li class=\"elementor-icon-list-item\">\n\t\t\t\t\t\t\t\t\t\t<span class=\"elementor-icon-list-text\">Rental and charging stations<\/span>\n\t\t\t\t\t\t\t\t\t<\/li>\n\t\t\t\t\t\t<\/ul>\n\t\t\t\t\t\t<\/div>\n\t\t\t\t<\/div>\n\t\t\t\t\t<\/div>\n\t\t<\/div>\n\t\t\t\t\t<\/div>\n\t\t<\/section>\n\t\t\t\t<section class=\"elementor-section elementor-top-section elementor-element elementor-element-83e993c elementor-section-boxed elementor-section-height-default elementor-section-height-default\" data-id=\"83e993c\" data-element_type=\"section\" data-e-type=\"section\">\n\t\t\t\t\t\t<div class=\"elementor-container elementor-column-gap-default\">\n\t\t\t\t\t<div class=\"elementor-column elementor-col-100 elementor-top-column elementor-element elementor-element-896f8f5\" data-id=\"896f8f5\" data-element_type=\"column\" data-e-type=\"column\">\n\t\t\t<div class=\"elementor-widget-wrap elementor-element-populated\">\n\t\t\t\t\t\t<div class=\"elementor-element elementor-element-c204b28 elementor-widget elementor-widget-text-editor\" data-id=\"c204b28\" data-element_type=\"widget\" data-e-type=\"widget\" data-widget_type=\"text-editor.default\">\n\t\t\t\t<div class=\"elementor-widget-container\">\n\t\t\t\t\t\t\t\t\t<p>Even without your own bicycle, you can explore the region comfortably. In Bad Staffelstein, various bicycle rental options are available to you \u2013 including e-bikes for relaxed tours through the surrounding area.\u00a0<\/p><p>In addition, you will find practical charging stations where you can recharge your e-bike on the go.<\/p>\t\t\t\t\t\t\t\t<\/div>\n\t\t\t\t<\/div>\n\t\t\t\t<div class=\"elementor-element elementor-element-143c11c elementor-mobile-align-justify elementor-widget elementor-widget-button\" data-id=\"143c11c\" data-element_type=\"widget\" data-e-type=\"widget\" data-widget_type=\"button.default\">\n\t\t\t\t<div class=\"elementor-widget-container\">\n\t\t\t\t\t\t\t\t\t<div class=\"elementor-button-wrapper\">\n\t\t\t\t\t<a class=\"elementor-button elementor-button-link elementor-size-sm\" href=\"https:\/\/bad-staffelstein.de\/de\/tourismus\/freizeit\/fahrrad\/radverleih.php\" target=\"_blank\" rel=\"noopener\">\n\t\t\t\t\t\t<span class=\"elementor-button-content-wrapper\">\n\t\t\t\t\t\t\t\t\t<span class=\"elementor-button-text\">Discover rentals &amp; charging stations<\/span>\n\t\t\t\t\t<\/span>\n\t\t\t\t\t<\/a>\n\t\t\t\t<\/div>\n\t\t\t\t\t\t\t\t<\/div>\n\t\t\t\t<\/div>\n\t\t\t\t\t<\/div>\n\t\t<\/div>\n\t\t\t\t\t<\/div>\n\t\t<\/section>\n\t\t\t\t<\/div>","protected":false},"excerpt":{"rendered":"<p>Fahrradtouren Fahrradtouren rund um Bad Staffelstein Die Region rund um Bad Staffelstein bietet ideale Bedingungen f\u00fcr abwechslungsreiche Fahrradtouren. Eingebettet in die reizvolle Landschaft des Obermain Jura erwarten Sie gut ausgebaute Wege, beeindruckende Ausblicke und zahlreiche M\u00f6glichkeiten f\u00fcr entspannte oder sportliche Touren. Ob entlang des Mains, durch idyllische T\u00e4ler oder hinauf zu aussichtsreichen H\u00f6henz\u00fcgen \u2013 die [&hellip;]<\/p>\n","protected":false},"author":2,"featured_media":0,"parent":0,"menu_order":0,"comment_status":"closed","ping_status":"closed","template":"","meta":{"site-sidebar-layout":"no-sidebar","site-content-layout":"page-builder","ast-site-content-layout":"default","site-content-style":"default","site-sidebar-style":"default","ast-global-header-display":"","ast-banner-title-visibility":"","ast-main-header-display":"","ast-hfb-above-header-display":"","ast-hfb-below-header-display":"","ast-hfb-mobile-header-display":"","site-post-title":"disabled","ast-breadcrumbs-content":"","ast-featured-img":"disabled","footer-sml-layout":"","ast-disable-related-posts":"","theme-transparent-header-meta":"","adv-header-id-meta":"","stick-header-meta":"","header-above-stick-meta":"","header-main-stick-meta":"","header-below-stick-meta":"","astra-migrate-meta-layouts":"default","ast-page-background-enabled":"default","ast-page-background-meta":{"desktop":{"background-color":"var(--ast-global-color-4)","background-image":"","background-repeat":"repeat","background-position":"center center","background-size":"auto","background-attachment":"scroll","background-type":"","background-media":"","overlay-type":"","overlay-color":"","overlay-opacity":"","overlay-gradient":""},"tablet":{"background-color":"","background-image":"","background-repeat":"repeat","background-position":"center center","background-size":"auto","background-attachment":"scroll","background-type":"","background-media":"","overlay-type":"","overlay-color":"","overlay-opacity":"","overlay-gradient":""},"mobile":{"background-color":"","background-image":"","background-repeat":"repeat","background-position":"center center","background-size":"auto","background-attachment":"scroll","background-type":"","background-media":"","overlay-type":"","overlay-color":"","overlay-opacity":"","overlay-gradient":""}},"ast-content-background-meta":{"desktop":{"background-color":"var(--ast-global-color-5)","background-image":"","background-repeat":"repeat","background-position":"center center","background-size":"auto","background-attachment":"scroll","background-type":"","background-media":"","overlay-type":"","overlay-color":"","overlay-opacity":"","overlay-gradient":""},"tablet":{"background-color":"var(--ast-global-color-5)","background-image":"","background-repeat":"repeat","background-position":"center center","background-size":"auto","background-attachment":"scroll","background-type":"","background-media":"","overlay-type":"","overlay-color":"","overlay-opacity":"","overlay-gradient":""},"mobile":{"background-color":"var(--ast-global-color-5)","background-image":"","background-repeat":"repeat","background-position":"center center","background-size":"auto","background-attachment":"scroll","background-type":"","background-media":"","overlay-type":"","overlay-color":"","overlay-opacity":"","overlay-gradient":""}},"_jet_sm_ready_style":"","_jet_sm_style":"","_jet_sm_controls_values":"","_jet_sm_fonts_collection":"","_jet_sm_fonts_links":"","footnotes":""},"class_list":["post-6613","page","type-page","status-publish","hentry"],"_links":{"self":[{"href":"https:\/\/14hl.gaeste-mappe.de\/en\/wp-json\/wp\/v2\/pages\/6613","targetHints":{"allow":["GET"]}}],"collection":[{"href":"https:\/\/14hl.gaeste-mappe.de\/en\/wp-json\/wp\/v2\/pages"}],"about":[{"href":"https:\/\/14hl.gaeste-mappe.de\/en\/wp-json\/wp\/v2\/types\/page"}],"author":[{"embeddable":true,"href":"https:\/\/14hl.gaeste-mappe.de\/en\/wp-json\/wp\/v2\/users\/2"}],"replies":[{"embeddable":true,"href":"https:\/\/14hl.gaeste-mappe.de\/en\/wp-json\/wp\/v2\/comments?post=6613"}],"version-history":[{"count":42,"href":"https:\/\/14hl.gaeste-mappe.de\/en\/wp-json\/wp\/v2\/pages\/6613\/revisions"}],"predecessor-version":[{"id":17866,"href":"https:\/\/14hl.gaeste-mappe.de\/en\/wp-json\/wp\/v2\/pages\/6613\/revisions\/17866"}],"wp:attachment":[{"href":"https:\/\/14hl.gaeste-mappe.de\/en\/wp-json\/wp\/v2\/media?parent=6613"}],"curies":[{"name":"wp","href":"https:\/\/api.w.org\/{rel}","templated":true}]}}