{"id":6621,"date":"2023-05-27T13:23:30","date_gmt":"2023-05-27T13:23:30","guid":{"rendered":"https:\/\/naturliebeharz.gaeste-mappe.com\/?page_id=6621"},"modified":"2026-04-26T16:54:18","modified_gmt":"2026-04-26T16:54:18","slug":"resraurants","status":"publish","type":"page","link":"https:\/\/14hl.gaeste-mappe.de\/en\/resraurants\/","title":{"rendered":"Restaurants"},"content":{"rendered":"<div data-elementor-type=\"wp-page\" data-elementor-id=\"6621\" class=\"elementor elementor-6621\" data-elementor-post-type=\"page\">\n\t\t\t\t\t\t<section class=\"elementor-section elementor-top-section elementor-element elementor-element-56542d35 elementor-section-boxed elementor-section-height-default elementor-section-height-default\" data-id=\"56542d35\" data-element_type=\"section\" data-e-type=\"section\" data-settings=\"{&quot;background_background&quot;:&quot;classic&quot;}\">\n\t\t\t\t\t\t<div class=\"elementor-container elementor-column-gap-default\">\n\t\t\t\t\t<div class=\"elementor-column elementor-col-100 elementor-top-column elementor-element elementor-element-7948b7df\" data-id=\"7948b7df\" data-element_type=\"column\" data-e-type=\"column\">\n\t\t\t<div class=\"elementor-widget-wrap elementor-element-populated\">\n\t\t\t\t\t\t<div class=\"elementor-element elementor-element-6dc74b20 kopf elementor-icon-list--layout-traditional elementor-list-item-link-full_width elementor-widget elementor-widget-icon-list\" data-id=\"6dc74b20\" data-element_type=\"widget\" data-e-type=\"widget\" data-widget_type=\"icon-list.default\">\n\t\t\t\t<div class=\"elementor-widget-container\">\n\t\t\t\t\t\t\t<ul class=\"elementor-icon-list-items\">\n\t\t\t\t\t\t\t<li class=\"elementor-icon-list-item\">\n\t\t\t\t\t\t\t\t\t\t\t<span class=\"elementor-icon-list-icon\">\n\t\t\t\t\t\t\t<svg xmlns=\"http:\/\/www.w3.org\/2000\/svg\" id=\"Solid\" height=\"512\" viewbox=\"0 0 64 64\" width=\"512\"><circle cx=\"34\" cy=\"32\" r=\"12\"><\/circle><path d=\"m34 14a18 18 0 1 0 18 18 18.0206 18.0206 0 0 0 -18-18zm0 32a14 14 0 1 1 14-14 14.0158 14.0158 0 0 1 -14 14z\"><\/path><path d=\"m12 13a1 1 0 0 0 -1 1v14h-2v-14a1 1 0 0 0 -2 0v14h-2v-14a1 1 0 0 0 -2 0v16.2563a3.3547 3.3547 0 0 0 1.4986 2.7437 3.2581 3.2581 0 0 1 1.3981 2.8593l-.7212 12.9807a2.9442 2.9442 0 0 0 2.6994 3.1569 2.8381 2.8381 0 0 0 2.9587-2.9927l-.7391-13.3038a3.1321 3.1321 0 0 1 1.4707-2.7444 3.2578 3.2578 0 0 0 1.4348-2.6997v-16.2563a1 1 0 0 0 -1-1z\"><\/path><path d=\"m60.1462 32h-4l-.85 17.0037a2.8537 2.8537 0 1 0 5.7 0z\"><\/path><path d=\"m60.1462 30v-16.5921a1.0076 1.0076 0 0 0 -1.435-.9063 8.2489 8.2489 0 0 0 -4.565 9.4984l2 8z\"><\/path><\/svg>\t\t\t\t\t\t<\/span>\n\t\t\t\t\t\t\t\t\t\t<span class=\"elementor-icon-list-text\">Restaurants<\/span>\n\t\t\t\t\t\t\t\t\t<\/li>\n\t\t\t\t\t\t<\/ul>\n\t\t\t\t\t\t<\/div>\n\t\t\t\t<\/div>\n\t\t\t\t\t<\/div>\n\t\t<\/div>\n\t\t\t\t\t<\/div>\n\t\t<\/section>\n\t\t\t\t<section class=\"elementor-section elementor-top-section elementor-element elementor-element-58d0e4ca elementor-section-boxed elementor-section-height-default elementor-section-height-default\" data-id=\"58d0e4ca\" data-element_type=\"section\" data-e-type=\"section\">\n\t\t\t\t\t\t<div class=\"elementor-container elementor-column-gap-default\">\n\t\t\t\t\t<div class=\"elementor-column elementor-col-100 elementor-top-column elementor-element elementor-element-2c46434b\" data-id=\"2c46434b\" data-element_type=\"column\" data-e-type=\"column\">\n\t\t\t<div class=\"elementor-widget-wrap elementor-element-populated\">\n\t\t\t\t\t\t<div class=\"elementor-element elementor-element-5c24cca0 elementor-widget elementor-widget-text-editor\" data-id=\"5c24cca0\" data-element_type=\"widget\" data-e-type=\"widget\" data-widget_type=\"text-editor.default\">\n\t\t\t\t<div class=\"elementor-widget-container\">\n\t\t\t\t\t\t\t\t\t<p>A diverse range of culinary options awaits you around Vierzehnheiligen \u2013 from Franconian cuisine in traditional inns to caf\u00e9s and restaurants with modern touches. Whether for a cosy stop-off after an outing or a relaxing dinner: you'll find numerous opportunities to enjoy regional specialities and seasonal dishes in the surrounding area.<\/p><p>In the nearby Bad Staffelstein, a wide selection of restaurants, inns, and beer gardens awaits you. A clear overview will help you find the right offer quickly.<\/p><p>The town of Lichtenfels also offers a comprehensive overview of its gastronomy \u2013 from regional cuisine to international offerings. Here you will find further suggestions for culinary discoveries in the surrounding area.<\/p><p><strong>Click on the images below to go to the restaurant overview.<\/strong><\/p>\t\t\t\t\t\t\t\t<\/div>\n\t\t\t\t<\/div>\n\t\t\t\t\t<\/div>\n\t\t<\/div>\n\t\t\t\t\t<\/div>\n\t\t<\/section>\n\t\t<div class=\"elementor-element elementor-element-f92c411 e-flex e-con-boxed e-con e-parent\" data-id=\"f92c411\" data-element_type=\"container\" data-e-type=\"container\">\n\t\t\t\t\t<div class=\"e-con-inner\">\n\t\t<div class=\"elementor-element elementor-element-96a22bc e-con-full e-flex e-con e-child\" data-id=\"96a22bc\" data-element_type=\"container\" data-e-type=\"container\">\n\t\t\t\t<div class=\"elementor-element elementor-element-e5f2e46 elementor-widget elementor-widget-heading\" data-id=\"e5f2e46\" data-element_type=\"widget\" data-e-type=\"widget\" data-widget_type=\"heading.default\">\n\t\t\t\t<div class=\"elementor-widget-container\">\n\t\t\t\t\t<h2 class=\"elementor-heading-title elementor-size-default\">Overview of Restaurants from Bad-Staffelstein.de<\/h2>\t\t\t\t<\/div>\n\t\t\t\t<\/div>\n\t\t\t\t<div class=\"elementor-element elementor-element-97a7d64 elementor-widget elementor-widget-image\" data-id=\"97a7d64\" data-element_type=\"widget\" data-e-type=\"widget\" data-widget_type=\"image.default\">\n\t\t\t\t<div class=\"elementor-widget-container\">\n\t\t\t\t\t\t\t\t\t\t\t\t\t\t\t\t<a href=\"https:\/\/bad-staffelstein.de\/de\/tourismus\/genuss\/gastronomiefinder.php?navid=427033427033&#038;kategorie=gastronomie&#038;ort=&#038;merkmal=&#038;suchtext=&#038;geoeffnet=&#038;task=poiframe\" target=\"_blank\" rel=\"noopener\">\n\t\t\t\t\t\t\t<img fetchpriority=\"high\" decoding=\"async\" width=\"800\" height=\"587\" src=\"https:\/\/14hl.gaeste-mappe.de\/wp-content\/uploads\/2026\/04\/restaurants-bad-staffelstein-de.jpg\" class=\"attachment-large size-large wp-image-17759\" alt=\"\" srcset=\"https:\/\/14hl.gaeste-mappe.de\/wp-content\/uploads\/2026\/04\/restaurants-bad-staffelstein-de.jpg 800w, https:\/\/14hl.gaeste-mappe.de\/wp-content\/uploads\/2026\/04\/restaurants-bad-staffelstein-de-300x220.jpg 300w, https:\/\/14hl.gaeste-mappe.de\/wp-content\/uploads\/2026\/04\/restaurants-bad-staffelstein-de-768x564.jpg 768w, https:\/\/14hl.gaeste-mappe.de\/wp-content\/uploads\/2026\/04\/restaurants-bad-staffelstein-de-16x12.jpg 16w\" sizes=\"(max-width: 800px) 100vw, 800px\" \/>\t\t\t\t\t\t\t\t<\/a>\n\t\t\t\t\t\t\t\t\t\t\t\t\t\t\t<\/div>\n\t\t\t\t<\/div>\n\t\t\t\t<\/div>\n\t\t<div class=\"elementor-element elementor-element-ceba066 e-con-full e-flex e-con e-child\" data-id=\"ceba066\" data-element_type=\"container\" data-e-type=\"container\">\n\t\t\t\t<div class=\"elementor-element elementor-element-0fb494b elementor-widget elementor-widget-heading\" data-id=\"0fb494b\" data-element_type=\"widget\" data-e-type=\"widget\" data-widget_type=\"heading.default\">\n\t\t\t\t<div class=\"elementor-widget-container\">\n\t\t\t\t\t<h2 class=\"elementor-heading-title elementor-size-default\">Overview of Lichtenfels.de Restaurants<\/h2>\t\t\t\t<\/div>\n\t\t\t\t<\/div>\n\t\t\t\t<div class=\"elementor-element elementor-element-73b96d9 elementor-widget elementor-widget-image\" data-id=\"73b96d9\" data-element_type=\"widget\" data-e-type=\"widget\" data-widget_type=\"image.default\">\n\t\t\t\t<div class=\"elementor-widget-container\">\n\t\t\t\t\t\t\t\t\t\t\t\t\t\t\t\t<a href=\"https:\/\/www.lichtenfels.de\/kultur-und-tourismus\/gastronomie\" target=\"_blank\" rel=\"noopener\">\n\t\t\t\t\t\t\t<img decoding=\"async\" width=\"800\" height=\"586\" src=\"https:\/\/14hl.gaeste-mappe.de\/wp-content\/uploads\/2026\/04\/restaurants-lichtenfels-de.jpg\" class=\"attachment-large size-large wp-image-17760\" alt=\"\" srcset=\"https:\/\/14hl.gaeste-mappe.de\/wp-content\/uploads\/2026\/04\/restaurants-lichtenfels-de.jpg 800w, https:\/\/14hl.gaeste-mappe.de\/wp-content\/uploads\/2026\/04\/restaurants-lichtenfels-de-300x220.jpg 300w, https:\/\/14hl.gaeste-mappe.de\/wp-content\/uploads\/2026\/04\/restaurants-lichtenfels-de-768x563.jpg 768w, https:\/\/14hl.gaeste-mappe.de\/wp-content\/uploads\/2026\/04\/restaurants-lichtenfels-de-16x12.jpg 16w\" sizes=\"(max-width: 800px) 100vw, 800px\" \/>\t\t\t\t\t\t\t\t<\/a>\n\t\t\t\t\t\t\t\t\t\t\t\t\t\t\t<\/div>\n\t\t\t\t<\/div>\n\t\t\t\t<\/div>\n\t\t\t\t\t<\/div>\n\t\t\t\t<\/div>\n\t\t\t\t<section class=\"elementor-section elementor-top-section elementor-element elementor-element-0be67ef elementor-section-boxed elementor-section-height-default elementor-section-height-default\" data-id=\"0be67ef\" data-element_type=\"section\" data-e-type=\"section\">\n\t\t\t\t\t\t<div class=\"elementor-container elementor-column-gap-default\">\n\t\t\t\t\t<div class=\"elementor-column elementor-col-100 elementor-top-column elementor-element elementor-element-88a2845\" data-id=\"88a2845\" data-element_type=\"column\" data-e-type=\"column\" data-settings=\"{&quot;background_background&quot;:&quot;classic&quot;}\">\n\t\t\t<div class=\"elementor-widget-wrap elementor-element-populated\">\n\t\t\t\t\t\t<div class=\"elementor-element elementor-element-9e4bca4 elementor-icon-list--layout-traditional elementor-list-item-link-full_width elementor-widget elementor-widget-icon-list\" data-id=\"9e4bca4\" data-element_type=\"widget\" data-e-type=\"widget\" data-widget_type=\"icon-list.default\">\n\t\t\t\t<div class=\"elementor-widget-container\">\n\t\t\t\t\t\t\t<ul class=\"elementor-icon-list-items\">\n\t\t\t\t\t\t\t<li class=\"elementor-icon-list-item\">\n\t\t\t\t\t\t\t\t\t\t\t<span class=\"elementor-icon-list-icon\">\n\t\t\t\t\t\t\t<svg xmlns=\"http:\/\/www.w3.org\/2000\/svg\" id=\"Solid\" height=\"512\" viewbox=\"0 0 64 64\" width=\"512\"><circle cx=\"34\" cy=\"32\" r=\"12\"><\/circle><path d=\"m34 14a18 18 0 1 0 18 18 18.0206 18.0206 0 0 0 -18-18zm0 32a14 14 0 1 1 14-14 14.0158 14.0158 0 0 1 -14 14z\"><\/path><path d=\"m12 13a1 1 0 0 0 -1 1v14h-2v-14a1 1 0 0 0 -2 0v14h-2v-14a1 1 0 0 0 -2 0v16.2563a3.3547 3.3547 0 0 0 1.4986 2.7437 3.2581 3.2581 0 0 1 1.3981 2.8593l-.7212 12.9807a2.9442 2.9442 0 0 0 2.6994 3.1569 2.8381 2.8381 0 0 0 2.9587-2.9927l-.7391-13.3038a3.1321 3.1321 0 0 1 1.4707-2.7444 3.2578 3.2578 0 0 0 1.4348-2.6997v-16.2563a1 1 0 0 0 -1-1z\"><\/path><path d=\"m60.1462 32h-4l-.85 17.0037a2.8537 2.8537 0 1 0 5.7 0z\"><\/path><path d=\"m60.1462 30v-16.5921a1.0076 1.0076 0 0 0 -1.435-.9063 8.2489 8.2489 0 0 0 -4.565 9.4984l2 8z\"><\/path><\/svg>\t\t\t\t\t\t<\/span>\n\t\t\t\t\t\t\t\t\t\t<span class=\"elementor-icon-list-text\">Restaurants around our accommodation<\/span>\n\t\t\t\t\t\t\t\t\t<\/li>\n\t\t\t\t\t\t<\/ul>\n\t\t\t\t\t\t<\/div>\n\t\t\t\t<\/div>\n\t\t\t\t\t<\/div>\n\t\t<\/div>\n\t\t\t\t\t<\/div>\n\t\t<\/section>\n\t\t\t\t<section class=\"elementor-section elementor-top-section elementor-element elementor-element-2faba483 elementor-section-boxed elementor-section-height-default elementor-section-height-default\" data-id=\"2faba483\" data-element_type=\"section\" data-e-type=\"section\">\n\t\t\t\t\t\t<div class=\"elementor-container elementor-column-gap-default\">\n\t\t\t\t\t<div class=\"elementor-column elementor-col-100 elementor-top-column elementor-element elementor-element-45f8f142\" data-id=\"45f8f142\" data-element_type=\"column\" data-e-type=\"column\">\n\t\t\t<div class=\"elementor-widget-wrap elementor-element-populated\">\n\t\t\t\t\t\t<div class=\"elementor-element elementor-element-557ef9ba elementor-widget elementor-widget-text-editor\" data-id=\"557ef9ba\" data-element_type=\"widget\" data-e-type=\"widget\" data-widget_type=\"text-editor.default\">\n\t\t\t\t<div class=\"elementor-widget-container\">\n\t\t\t\t\t\t\t\t\t<p>Simply click \u201eOpen in Maps\u201c below on the map. You will then find further information about the restaurants there.<\/p>\t\t\t\t\t\t\t\t<\/div>\n\t\t\t\t<\/div>\n\t\t\t\t\t<\/div>\n\t\t<\/div>\n\t\t\t\t\t<\/div>\n\t\t<\/section>\n\t\t\t\t<section class=\"elementor-section elementor-top-section elementor-element elementor-element-6b39a47 elementor-section-boxed elementor-section-height-default elementor-section-height-default\" data-id=\"6b39a47\" data-element_type=\"section\" data-e-type=\"section\">\n\t\t\t\t\t\t<div class=\"elementor-container elementor-column-gap-default\">\n\t\t\t\t\t<div class=\"elementor-column elementor-col-100 elementor-top-column elementor-element elementor-element-1fc6c33d\" data-id=\"1fc6c33d\" data-element_type=\"column\" data-e-type=\"column\">\n\t\t\t<div class=\"elementor-widget-wrap elementor-element-populated\">\n\t\t\t\t\t\t<div class=\"elementor-element elementor-element-5792edf7 elementor-widget elementor-widget-google_maps\" data-id=\"5792edf7\" data-element_type=\"widget\" data-e-type=\"widget\" data-widget_type=\"google_maps.default\">\n\t\t\t\t<div class=\"elementor-widget-container\">\n\t\t\t\t\t\t\t<div class=\"elementor-custom-embed\">\n\t\t\t<iframe loading=\"lazy\"\n\t\t\t\t\tsrc=\"https:\/\/maps.google.com\/maps?q=Restaurants%20Vierzehnheiligen%209%2096231%20Bad%20Staffelstein&#038;t=m&#038;z=11&#038;output=embed&#038;iwloc=near\"\n\t\t\t\t\ttitle=\"Restaurants Vierzehnheiligen 9 96231 Bad Staffelstein\"\n\t\t\t\t\taria-label=\"Restaurants Vierzehnheiligen 9 96231 Bad Staffelstein\"\n\t\t\t><\/iframe>\n\t\t<\/div>\n\t\t\t\t\t\t<\/div>\n\t\t\t\t<\/div>\n\t\t\t\t\t<\/div>\n\t\t<\/div>\n\t\t\t\t\t<\/div>\n\t\t<\/section>\n\t\t\t\t<\/div>","protected":false},"excerpt":{"rendered":"<p>Restaurants Rund um Vierzehnheiligen erwartet Sie eine vielf\u00e4ltige Auswahl an gastronomischen Angeboten \u2013 von fr\u00e4nkischer K\u00fcche in traditionellen Gasth\u00e4usern bis hin zu Caf\u00e9s und Restaurants mit modernen Akzenten. Ob f\u00fcr eine gem\u00fctliche Einkehr nach einem Ausflug oder ein entspanntes Abendessen: In der Umgebung finden Sie zahlreiche M\u00f6glichkeiten, regionale Spezialit\u00e4ten und saisonale Gerichte zu genie\u00dfen. In [&hellip;]<\/p>\n","protected":false},"author":2,"featured_media":0,"parent":0,"menu_order":0,"comment_status":"closed","ping_status":"closed","template":"","meta":{"site-sidebar-layout":"no-sidebar","site-content-layout":"page-builder","ast-site-content-layout":"default","site-content-style":"default","site-sidebar-style":"default","ast-global-header-display":"","ast-banner-title-visibility":"","ast-main-header-display":"","ast-hfb-above-header-display":"","ast-hfb-below-header-display":"","ast-hfb-mobile-header-display":"","site-post-title":"disabled","ast-breadcrumbs-content":"","ast-featured-img":"disabled","footer-sml-layout":"","ast-disable-related-posts":"","theme-transparent-header-meta":"","adv-header-id-meta":"","stick-header-meta":"","header-above-stick-meta":"","header-main-stick-meta":"","header-below-stick-meta":"","astra-migrate-meta-layouts":"default","ast-page-background-enabled":"default","ast-page-background-meta":{"desktop":{"background-color":"var(--ast-global-color-4)","background-image":"","background-repeat":"repeat","background-position":"center center","background-size":"auto","background-attachment":"scroll","background-type":"","background-media":"","overlay-type":"","overlay-color":"","overlay-opacity":"","overlay-gradient":""},"tablet":{"background-color":"","background-image":"","background-repeat":"repeat","background-position":"center center","background-size":"auto","background-attachment":"scroll","background-type":"","background-media":"","overlay-type":"","overlay-color":"","overlay-opacity":"","overlay-gradient":""},"mobile":{"background-color":"","background-image":"","background-repeat":"repeat","background-position":"center center","background-size":"auto","background-attachment":"scroll","background-type":"","background-media":"","overlay-type":"","overlay-color":"","overlay-opacity":"","overlay-gradient":""}},"ast-content-background-meta":{"desktop":{"background-color":"var(--ast-global-color-5)","background-image":"","background-repeat":"repeat","background-position":"center center","background-size":"auto","background-attachment":"scroll","background-type":"","background-media":"","overlay-type":"","overlay-color":"","overlay-opacity":"","overlay-gradient":""},"tablet":{"background-color":"var(--ast-global-color-5)","background-image":"","background-repeat":"repeat","background-position":"center center","background-size":"auto","background-attachment":"scroll","background-type":"","background-media":"","overlay-type":"","overlay-color":"","overlay-opacity":"","overlay-gradient":""},"mobile":{"background-color":"var(--ast-global-color-5)","background-image":"","background-repeat":"repeat","background-position":"center center","background-size":"auto","background-attachment":"scroll","background-type":"","background-media":"","overlay-type":"","overlay-color":"","overlay-opacity":"","overlay-gradient":""}},"_jet_sm_ready_style":"","_jet_sm_style":"","_jet_sm_controls_values":"","_jet_sm_fonts_collection":"","_jet_sm_fonts_links":"","footnotes":""},"class_list":["post-6621","page","type-page","status-publish","hentry"],"_links":{"self":[{"href":"https:\/\/14hl.gaeste-mappe.de\/en\/wp-json\/wp\/v2\/pages\/6621","targetHints":{"allow":["GET"]}}],"collection":[{"href":"https:\/\/14hl.gaeste-mappe.de\/en\/wp-json\/wp\/v2\/pages"}],"about":[{"href":"https:\/\/14hl.gaeste-mappe.de\/en\/wp-json\/wp\/v2\/types\/page"}],"author":[{"embeddable":true,"href":"https:\/\/14hl.gaeste-mappe.de\/en\/wp-json\/wp\/v2\/users\/2"}],"replies":[{"embeddable":true,"href":"https:\/\/14hl.gaeste-mappe.de\/en\/wp-json\/wp\/v2\/comments?post=6621"}],"version-history":[{"count":126,"href":"https:\/\/14hl.gaeste-mappe.de\/en\/wp-json\/wp\/v2\/pages\/6621\/revisions"}],"predecessor-version":[{"id":17916,"href":"https:\/\/14hl.gaeste-mappe.de\/en\/wp-json\/wp\/v2\/pages\/6621\/revisions\/17916"}],"wp:attachment":[{"href":"https:\/\/14hl.gaeste-mappe.de\/en\/wp-json\/wp\/v2\/media?parent=6621"}],"curies":[{"name":"wp","href":"https:\/\/api.w.org\/{rel}","templated":true}]}}