{"id":6623,"date":"2023-05-27T13:24:01","date_gmt":"2023-05-27T13:24:01","guid":{"rendered":"https:\/\/naturliebeharz.gaeste-mappe.com\/?page_id=6623"},"modified":"2026-04-12T15:56:49","modified_gmt":"2026-04-12T15:56:49","slug":"mobility","status":"publish","type":"page","link":"https:\/\/14hl.gaeste-mappe.de\/en\/mobilitaet\/","title":{"rendered":"Mobility"},"content":{"rendered":"<div data-elementor-type=\"wp-page\" data-elementor-id=\"6623\" class=\"elementor elementor-6623\" data-elementor-post-type=\"page\">\n\t\t\t\t\t\t<section class=\"elementor-section elementor-top-section elementor-element elementor-element-56542d35 elementor-section-boxed elementor-section-height-default elementor-section-height-default\" data-id=\"56542d35\" data-element_type=\"section\" data-e-type=\"section\" data-settings=\"{&quot;background_background&quot;:&quot;classic&quot;}\">\n\t\t\t\t\t\t<div class=\"elementor-container elementor-column-gap-default\">\n\t\t\t\t\t<div class=\"elementor-column elementor-col-100 elementor-top-column elementor-element elementor-element-7948b7df\" data-id=\"7948b7df\" data-element_type=\"column\" data-e-type=\"column\">\n\t\t\t<div class=\"elementor-widget-wrap elementor-element-populated\">\n\t\t\t\t\t\t<div class=\"elementor-element elementor-element-6dc74b20 kopf elementor-icon-list--layout-traditional elementor-list-item-link-full_width elementor-widget elementor-widget-icon-list\" data-id=\"6dc74b20\" data-element_type=\"widget\" data-e-type=\"widget\" data-widget_type=\"icon-list.default\">\n\t\t\t\t<div class=\"elementor-widget-container\">\n\t\t\t\t\t\t\t<ul class=\"elementor-icon-list-items\">\n\t\t\t\t\t\t\t<li class=\"elementor-icon-list-item\">\n\t\t\t\t\t\t\t\t\t\t\t<span class=\"elementor-icon-list-icon\">\n\t\t\t\t\t\t\t<i aria-hidden=\"true\" class=\"fas fa-bus\"><\/i>\t\t\t\t\t\t<\/span>\n\t\t\t\t\t\t\t\t\t\t<span class=\"elementor-icon-list-text\">Mobility<\/span>\n\t\t\t\t\t\t\t\t\t<\/li>\n\t\t\t\t\t\t<\/ul>\n\t\t\t\t\t\t<\/div>\n\t\t\t\t<\/div>\n\t\t\t\t\t<\/div>\n\t\t<\/div>\n\t\t\t\t\t<\/div>\n\t\t<\/section>\n\t\t<div class=\"elementor-element elementor-element-53aabaf e-flex e-con-boxed e-con e-parent\" data-id=\"53aabaf\" data-element_type=\"container\" data-e-type=\"container\">\n\t\t\t\t\t<div class=\"e-con-inner\">\n\t\t\t\t<div class=\"elementor-element elementor-element-388b226 elementor-widget elementor-widget-image\" data-id=\"388b226\" data-element_type=\"widget\" data-e-type=\"widget\" data-widget_type=\"image.default\">\n\t\t\t\t<div class=\"elementor-widget-container\">\n\t\t\t\t\t\t\t\t\t\t\t\t\t\t\t<img fetchpriority=\"high\" decoding=\"async\" width=\"1920\" height=\"654\" src=\"https:\/\/14hl.gaeste-mappe.de\/wp-content\/uploads\/2026\/04\/bus-1212.jpg\" class=\"attachment-full size-full wp-image-17634\" alt=\"\" srcset=\"https:\/\/14hl.gaeste-mappe.de\/wp-content\/uploads\/2026\/04\/bus-1212.jpg 1920w, https:\/\/14hl.gaeste-mappe.de\/wp-content\/uploads\/2026\/04\/bus-1212-300x102.jpg 300w, https:\/\/14hl.gaeste-mappe.de\/wp-content\/uploads\/2026\/04\/bus-1212-1024x349.jpg 1024w, https:\/\/14hl.gaeste-mappe.de\/wp-content\/uploads\/2026\/04\/bus-1212-768x262.jpg 768w, https:\/\/14hl.gaeste-mappe.de\/wp-content\/uploads\/2026\/04\/bus-1212-1536x523.jpg 1536w, https:\/\/14hl.gaeste-mappe.de\/wp-content\/uploads\/2026\/04\/bus-1212-18x6.jpg 18w\" sizes=\"(max-width: 1920px) 100vw, 1920px\" \/>\t\t\t\t\t\t\t\t\t\t\t\t\t\t\t<\/div>\n\t\t\t\t<\/div>\n\t\t\t\t\t<\/div>\n\t\t\t\t<\/div>\n\t\t\t\t<section class=\"elementor-section elementor-top-section elementor-element elementor-element-43be34ce elementor-section-boxed elementor-section-height-default elementor-section-height-default\" data-id=\"43be34ce\" data-element_type=\"section\" data-e-type=\"section\">\n\t\t\t\t\t\t<div class=\"elementor-container elementor-column-gap-default\">\n\t\t\t\t\t<div class=\"elementor-column elementor-col-100 elementor-top-column elementor-element elementor-element-59298a8\" data-id=\"59298a8\" data-element_type=\"column\" data-e-type=\"column\">\n\t\t\t<div class=\"elementor-widget-wrap elementor-element-populated\">\n\t\t\t\t\t\t<div class=\"elementor-element elementor-element-1aac855d elementor-widget elementor-widget-text-editor\" data-id=\"1aac855d\" data-element_type=\"widget\" data-e-type=\"widget\" data-widget_type=\"text-editor.default\">\n\t\t\t\t<div class=\"elementor-widget-container\">\n\t\t\t\t\t\t\t\t\t<p><strong>On the road around Vierzehnheiligen<\/strong><\/p><p>The region around Bad Staffelstein can be explored easily and conveniently using public transport. Particularly practical: with your guest card, you can use selected routes free of charge and reach popular destinations in a relaxed way \u2013 without the hassle of looking for parking spaces or stress.<\/p><p><strong>Complimentary journeys with the guest card<\/strong><\/p><p>With the guest card, travel on the\u00a0\u00a0<a href=\"https:\/\/bad-staffelstein.de\/de-wAssets\/docs\/pdf\/Linie-1254.pdf\" target=\"_blank\" rel=\"noopener\">Line 1254<\/a>\u00a0after Banz Abbey and also the bus trips to Vierzehnheiligen and Romansthal with the\u00a0<a href=\"https:\/\/bad-staffelstein.de\/de-wAssets\/docs\/pdf\/Linie-1212.pdf\" target=\"_blank\" rel=\"noopener\">Line 1212<\/a>\u00a0free of charge<\/p>\t\t\t\t\t\t\t\t<\/div>\n\t\t\t\t<\/div>\n\t\t\t\t\t<\/div>\n\t\t<\/div>\n\t\t\t\t\t<\/div>\n\t\t<\/section>\n\t\t\t\t<section class=\"elementor-section elementor-top-section elementor-element elementor-element-2d77d5d8 elementor-section-boxed elementor-section-height-default elementor-section-height-default\" data-id=\"2d77d5d8\" data-element_type=\"section\" data-e-type=\"section\">\n\t\t\t\t\t\t<div class=\"elementor-container elementor-column-gap-default\">\n\t\t\t\t\t<div class=\"elementor-column elementor-col-100 elementor-top-column elementor-element elementor-element-59f9607c\" data-id=\"59f9607c\" data-element_type=\"column\" data-e-type=\"column\">\n\t\t\t<div class=\"elementor-widget-wrap elementor-element-populated\">\n\t\t\t\t\t\t<div class=\"elementor-element elementor-element-245766e2 elementor-icon-list--layout-traditional elementor-list-item-link-full_width elementor-widget elementor-widget-icon-list\" data-id=\"245766e2\" data-element_type=\"widget\" data-e-type=\"widget\" data-widget_type=\"icon-list.default\">\n\t\t\t\t<div class=\"elementor-widget-container\">\n\t\t\t\t\t\t\t<ul class=\"elementor-icon-list-items\">\n\t\t\t\t\t\t\t<li class=\"elementor-icon-list-item\">\n\t\t\t\t\t\t\t\t\t\t\t<span class=\"elementor-icon-list-icon\">\n\t\t\t\t\t\t\t<i aria-hidden=\"true\" class=\"fas fa-list-alt\"><\/i>\t\t\t\t\t\t<\/span>\n\t\t\t\t\t\t\t\t\t\t<span class=\"elementor-icon-list-text\">Timetable information<\/span>\n\t\t\t\t\t\t\t\t\t<\/li>\n\t\t\t\t\t\t<\/ul>\n\t\t\t\t\t\t<\/div>\n\t\t\t\t<\/div>\n\t\t\t\t\t<\/div>\n\t\t<\/div>\n\t\t\t\t\t<\/div>\n\t\t<\/section>\n\t\t\t\t<section class=\"elementor-section elementor-top-section elementor-element elementor-element-635a9dcb elementor-section-boxed elementor-section-height-default elementor-section-height-default\" data-id=\"635a9dcb\" data-element_type=\"section\" data-e-type=\"section\">\n\t\t\t\t\t\t<div class=\"elementor-container elementor-column-gap-default\">\n\t\t\t\t\t<div class=\"elementor-column elementor-col-50 elementor-top-column elementor-element elementor-element-5013c2b4\" data-id=\"5013c2b4\" data-element_type=\"column\" data-e-type=\"column\">\n\t\t\t<div class=\"elementor-widget-wrap elementor-element-populated\">\n\t\t\t\t\t\t<div class=\"elementor-element elementor-element-69194664 elementor-widget elementor-widget-text-editor\" data-id=\"69194664\" data-element_type=\"widget\" data-e-type=\"widget\" data-widget_type=\"text-editor.default\">\n\t\t\t\t<div class=\"elementor-widget-container\">\n\t\t\t\t\t\t\t\t\t<p><strong>All current connections and departure times<\/strong> Find online with the Greater Nuremberg Transport Association (VGN):<br \/>\u00a0<a href=\"http:\/\/www.vgn.de\" target=\"_blank\" rel=\"noopener\">www.vgn.de<\/a><\/p><p>Alternatively, you can use the practical search function directly within this guest directory.<\/p>\t\t\t\t\t\t\t\t<\/div>\n\t\t\t\t<\/div>\n\t\t\t\t\t<\/div>\n\t\t<\/div>\n\t\t\t\t<div class=\"elementor-column elementor-col-50 elementor-top-column elementor-element elementor-element-adb5a34\" data-id=\"adb5a34\" data-element_type=\"column\" data-e-type=\"column\">\n\t\t\t<div class=\"elementor-widget-wrap elementor-element-populated\">\n\t\t\t\t\t\t<div class=\"elementor-element elementor-element-a9f56b0 elementor-widget-mobile__width-inherit elementor-widget elementor-widget-html\" data-id=\"a9f56b0\" data-element_type=\"widget\" data-e-type=\"widget\" data-widget_type=\"html.default\">\n\t\t\t\t<div class=\"elementor-widget-container\">\n\t\t\t\t\t<script type=\"text\/javascript\" src=\"https:\/\/www.vgn.de\/ib\/site\/tools\/Homepageservice2018_11.php?v=3&amp;type=Widget&amp;size=4&amp;sizeV=&amp;style=1&amp;lang=de&amp;preset=destination&amp;name_dm=Bad+Staffelstein%2C+Bad+Staffelstein&amp;nameInfo_dm=de%3A09478%3A27200&amp;nameInfoBackup_dm=de%3A09478%3A27200&amp;nameBackup_dm=Bad+Staffelstein%2C+Bad+Staffelstein&amp;text=Mit+dem+VGN+zu+uns.\" language=\"javascript\" charset=\"utf-8\"><\/script>\t\t\t\t<\/div>\n\t\t\t\t<\/div>\n\t\t\t\t\t<\/div>\n\t\t<\/div>\n\t\t\t\t\t<\/div>\n\t\t<\/section>\n\t\t\t\t<section class=\"elementor-section elementor-top-section elementor-element elementor-element-785f59ef elementor-section-boxed elementor-section-height-default elementor-section-height-default\" data-id=\"785f59ef\" data-element_type=\"section\" data-e-type=\"section\">\n\t\t\t\t\t\t<div class=\"elementor-container elementor-column-gap-default\">\n\t\t\t\t\t<div class=\"elementor-column elementor-col-100 elementor-top-column elementor-element elementor-element-a5630c9\" data-id=\"a5630c9\" data-element_type=\"column\" data-e-type=\"column\">\n\t\t\t<div class=\"elementor-widget-wrap elementor-element-populated\">\n\t\t\t\t\t\t<div class=\"elementor-element elementor-element-325613f7 elementor-icon-list--layout-traditional elementor-list-item-link-full_width elementor-widget elementor-widget-icon-list\" data-id=\"325613f7\" data-element_type=\"widget\" data-e-type=\"widget\" data-widget_type=\"icon-list.default\">\n\t\t\t\t<div class=\"elementor-widget-container\">\n\t\t\t\t\t\t\t<ul class=\"elementor-icon-list-items\">\n\t\t\t\t\t\t\t<li class=\"elementor-icon-list-item\">\n\t\t\t\t\t\t\t\t\t\t\t<span class=\"elementor-icon-list-icon\">\n\t\t\t\t\t\t\t<i aria-hidden=\"true\" class=\"fas fa-bus\"><\/i>\t\t\t\t\t\t<\/span>\n\t\t\t\t\t\t\t\t\t\t<span class=\"elementor-icon-list-text\">Dial-a-bus (RBu) \u2013 flexible travelling<\/span>\n\t\t\t\t\t\t\t\t\t<\/li>\n\t\t\t\t\t\t<\/ul>\n\t\t\t\t\t\t<\/div>\n\t\t\t\t<\/div>\n\t\t\t\t\t<\/div>\n\t\t<\/div>\n\t\t\t\t\t<\/div>\n\t\t<\/section>\n\t\t\t\t<section class=\"elementor-section elementor-top-section elementor-element elementor-element-4c6afe97 elementor-section-boxed elementor-section-height-default elementor-section-height-default\" data-id=\"4c6afe97\" data-element_type=\"section\" data-e-type=\"section\">\n\t\t\t\t\t\t<div class=\"elementor-container elementor-column-gap-default\">\n\t\t\t\t\t<div class=\"elementor-column elementor-col-100 elementor-top-column elementor-element elementor-element-7ac2b996\" data-id=\"7ac2b996\" data-element_type=\"column\" data-e-type=\"column\">\n\t\t\t<div class=\"elementor-widget-wrap elementor-element-populated\">\n\t\t\t\t\t\t<div class=\"elementor-element elementor-element-fbeb761 elementor-widget elementor-widget-text-editor\" data-id=\"fbeb761\" data-element_type=\"widget\" data-e-type=\"widget\" data-widget_type=\"text-editor.default\">\n\t\t\t\t<div class=\"elementor-widget-container\">\n\t\t\t\t\t\t\t\t\t<p>The demand-responsive bus supplements the scheduled service and only operates after pre-booking.<\/p><p><strong>The most important things at a glance:<\/strong><\/p><ul><li>Advance booking only (min. <strong>60 minutes beforehand<\/strong>)<\/li><li>Journeys before 8:00 AM: Booking by <strong>17:00 the day before<\/strong><\/li><li>Booking by telephone on <strong>09571 \/ 18 90 80<\/strong> around the clock<\/li><li>Boarding at regular bus stops at scheduled times.<\/li><li>No surcharge \u2013 the normal VGN fare applies<\/li><li>Also via app <a href=\"https:\/\/www.nahverkehr-lif.de\/\" target=\"_blank\" rel=\"noopener\"><b>CARLE APP<\/b><\/a>\u00a0Bookable<\/li><li>For groups of 6 or more: Registration by <strong>17:00 last night<\/strong><\/li><\/ul><p><strong>\u00a0Note:<\/strong> The journey will not take place without a booking.<\/p>\t\t\t\t\t\t\t\t<\/div>\n\t\t\t\t<\/div>\n\t\t\t\t\t<\/div>\n\t\t<\/div>\n\t\t\t\t\t<\/div>\n\t\t<\/section>\n\t\t\t\t<section class=\"elementor-section elementor-top-section elementor-element elementor-element-fb60be1 elementor-section-boxed elementor-section-height-default elementor-section-height-default\" data-id=\"fb60be1\" data-element_type=\"section\" data-e-type=\"section\">\n\t\t\t\t\t\t<div class=\"elementor-container elementor-column-gap-default\">\n\t\t\t\t\t<div class=\"elementor-column elementor-col-100 elementor-top-column elementor-element elementor-element-c15feee\" data-id=\"c15feee\" data-element_type=\"column\" data-e-type=\"column\">\n\t\t\t<div class=\"elementor-widget-wrap elementor-element-populated\">\n\t\t\t\t\t\t<div class=\"elementor-element elementor-element-1b61186 elementor-icon-list--layout-traditional elementor-list-item-link-full_width elementor-widget elementor-widget-icon-list\" data-id=\"1b61186\" data-element_type=\"widget\" data-e-type=\"widget\" data-widget_type=\"icon-list.default\">\n\t\t\t\t<div class=\"elementor-widget-container\">\n\t\t\t\t\t\t\t<ul class=\"elementor-icon-list-items\">\n\t\t\t\t\t\t\t<li class=\"elementor-icon-list-item\">\n\t\t\t\t\t\t\t\t\t\t\t<span class=\"elementor-icon-list-icon\">\n\t\t\t\t\t\t\t<svg xmlns=\"http:\/\/www.w3.org\/2000\/svg\" id=\"Layer_1\" height=\"512\" viewbox=\"0 0 512 512\" width=\"512\" data-name=\"Layer 1\"><path d=\"m144.048 304.532a12.355 12.355 0 0 0 -24.709 0v62.007a12.355 12.355 0 1 0 24.709 0zm-122.882-114.775h98.173v62.88a12.355 12.355 0 1 0 24.709 0v-62.88h346.037a21.152 21.152 0 0 1 21.142 21.143v53.356l-3.5 1.422a75.387 75.387 0 0 0 0 139.725l3.5 1.422v53.351a21.157 21.157 0 0 1 -21.142 21.147h-346.037v-62.888a12.355 12.355 0 1 0 -24.709 0v62.886h-98.2a21.163 21.163 0 0 1 -21.139-21.147v-53.351l3.5-1.423a75.634 75.634 0 0 0 47.053-69.864 75.637 75.637 0 0 0 -47.053-69.859l-3.5-1.423v-53.354a21.157 21.157 0 0 1 21.063-21.142zm445.954-157.857a21.206 21.206 0 0 1 27 12.837l17.88 50.263-2.824 2.514a75.937 75.937 0 0 0 -25.076 61.531l.406 6h-391.758z\" fill-rule=\"evenodd\"><\/path><\/svg>\t\t\t\t\t\t<\/span>\n\t\t\t\t\t\t\t\t\t\t<span class=\"elementor-icon-list-text\">Tickets &amp; Fares<\/span>\n\t\t\t\t\t\t\t\t\t<\/li>\n\t\t\t\t\t\t<\/ul>\n\t\t\t\t\t\t<\/div>\n\t\t\t\t<\/div>\n\t\t\t\t\t<\/div>\n\t\t<\/div>\n\t\t\t\t\t<\/div>\n\t\t<\/section>\n\t\t\t\t<section class=\"elementor-section elementor-top-section elementor-element elementor-element-14704d5 elementor-section-boxed elementor-section-height-default elementor-section-height-default\" data-id=\"14704d5\" data-element_type=\"section\" data-e-type=\"section\">\n\t\t\t\t\t\t<div class=\"elementor-container elementor-column-gap-default\">\n\t\t\t\t\t<div class=\"elementor-column elementor-col-100 elementor-top-column elementor-element elementor-element-19c1683\" data-id=\"19c1683\" data-element_type=\"column\" data-e-type=\"column\">\n\t\t\t<div class=\"elementor-widget-wrap elementor-element-populated\">\n\t\t\t\t\t\t<div class=\"elementor-element elementor-element-e20685c elementor-widget elementor-widget-text-editor\" data-id=\"e20685c\" data-element_type=\"widget\" data-e-type=\"widget\" data-widget_type=\"text-editor.default\">\n\t\t\t\t<div class=\"elementor-widget-container\">\n\t\t\t\t\t\t\t\t\t<p>You can conveniently purchase tickets in various ways:<\/p><ul><li><strong>Online<\/strong> directly after the timetable information<\/li><li><strong>On the bus<\/strong> (e.g. single, day or multi-trip tickets)<\/li><li><strong>On the call bus<\/strong> (Single and day tickets directly from the driver)<\/li><\/ul><p>This keeps you flexible and mobile at all times during your stay.<\/p>\t\t\t\t\t\t\t\t<\/div>\n\t\t\t\t<\/div>\n\t\t\t\t\t<\/div>\n\t\t<\/div>\n\t\t\t\t\t<\/div>\n\t\t<\/section>\n\t\t\t\t<\/div>","protected":false},"excerpt":{"rendered":"<p>Mobilit\u00e4t Unterwegs rund um Vierzehnheiligen Die Region rund um Bad Staffelstein l\u00e4sst sich bequem und unkompliziert mit \u00f6ffentlichen Verkehrsmitteln erkunden. Besonders praktisch: Mit Ihrer G\u00e4stekarte nutzen Sie ausgew\u00e4hlte Verbindungen kostenfrei und erreichen beliebte Ausflugsziele ganz entspannt \u2013 ohne Parkplatzsuche und Stress. Kostenfreie Fahrten mit der G\u00e4stekarte Mit der G\u00e4stekarte sind die Fahrten der\u00a0\u00a0Linie 1254\u00a0nach Kloster [&hellip;]<\/p>\n","protected":false},"author":2,"featured_media":0,"parent":0,"menu_order":0,"comment_status":"closed","ping_status":"closed","template":"","meta":{"site-sidebar-layout":"no-sidebar","site-content-layout":"page-builder","ast-site-content-layout":"default","site-content-style":"default","site-sidebar-style":"default","ast-global-header-display":"","ast-banner-title-visibility":"","ast-main-header-display":"","ast-hfb-above-header-display":"","ast-hfb-below-header-display":"","ast-hfb-mobile-header-display":"","site-post-title":"disabled","ast-breadcrumbs-content":"","ast-featured-img":"disabled","footer-sml-layout":"","ast-disable-related-posts":"","theme-transparent-header-meta":"","adv-header-id-meta":"","stick-header-meta":"","header-above-stick-meta":"","header-main-stick-meta":"","header-below-stick-meta":"","astra-migrate-meta-layouts":"default","ast-page-background-enabled":"default","ast-page-background-meta":{"desktop":{"background-color":"var(--ast-global-color-4)","background-image":"","background-repeat":"repeat","background-position":"center center","background-size":"auto","background-attachment":"scroll","background-type":"","background-media":"","overlay-type":"","overlay-color":"","overlay-opacity":"","overlay-gradient":""},"tablet":{"background-color":"","background-image":"","background-repeat":"repeat","background-position":"center center","background-size":"auto","background-attachment":"scroll","background-type":"","background-media":"","overlay-type":"","overlay-color":"","overlay-opacity":"","overlay-gradient":""},"mobile":{"background-color":"","background-image":"","background-repeat":"repeat","background-position":"center center","background-size":"auto","background-attachment":"scroll","background-type":"","background-media":"","overlay-type":"","overlay-color":"","overlay-opacity":"","overlay-gradient":""}},"ast-content-background-meta":{"desktop":{"background-color":"var(--ast-global-color-5)","background-image":"","background-repeat":"repeat","background-position":"center center","background-size":"auto","background-attachment":"scroll","background-type":"","background-media":"","overlay-type":"","overlay-color":"","overlay-opacity":"","overlay-gradient":""},"tablet":{"background-color":"var(--ast-global-color-5)","background-image":"","background-repeat":"repeat","background-position":"center center","background-size":"auto","background-attachment":"scroll","background-type":"","background-media":"","overlay-type":"","overlay-color":"","overlay-opacity":"","overlay-gradient":""},"mobile":{"background-color":"var(--ast-global-color-5)","background-image":"","background-repeat":"repeat","background-position":"center center","background-size":"auto","background-attachment":"scroll","background-type":"","background-media":"","overlay-type":"","overlay-color":"","overlay-opacity":"","overlay-gradient":""}},"_jet_sm_ready_style":"","_jet_sm_style":"","_jet_sm_controls_values":"","_jet_sm_fonts_collection":"","_jet_sm_fonts_links":"","footnotes":""},"class_list":["post-6623","page","type-page","status-publish","hentry"],"_links":{"self":[{"href":"https:\/\/14hl.gaeste-mappe.de\/en\/wp-json\/wp\/v2\/pages\/6623","targetHints":{"allow":["GET"]}}],"collection":[{"href":"https:\/\/14hl.gaeste-mappe.de\/en\/wp-json\/wp\/v2\/pages"}],"about":[{"href":"https:\/\/14hl.gaeste-mappe.de\/en\/wp-json\/wp\/v2\/types\/page"}],"author":[{"embeddable":true,"href":"https:\/\/14hl.gaeste-mappe.de\/en\/wp-json\/wp\/v2\/users\/2"}],"replies":[{"embeddable":true,"href":"https:\/\/14hl.gaeste-mappe.de\/en\/wp-json\/wp\/v2\/comments?post=6623"}],"version-history":[{"count":63,"href":"https:\/\/14hl.gaeste-mappe.de\/en\/wp-json\/wp\/v2\/pages\/6623\/revisions"}],"predecessor-version":[{"id":17640,"href":"https:\/\/14hl.gaeste-mappe.de\/en\/wp-json\/wp\/v2\/pages\/6623\/revisions\/17640"}],"wp:attachment":[{"href":"https:\/\/14hl.gaeste-mappe.de\/en\/wp-json\/wp\/v2\/media?parent=6623"}],"curies":[{"name":"wp","href":"https:\/\/api.w.org\/{rel}","templated":true}]}}